{"id":607,"date":"2022-12-12T04:05:45","date_gmt":"2022-12-12T04:05:45","guid":{"rendered":"https:\/\/cafedafazendamg.com\/?page_id=607"},"modified":"2023-03-13T10:55:42","modified_gmt":"2023-03-13T10:55:42","slug":"drip-coffee-shop","status":"publish","type":"page","link":"https:\/\/cafedafazendamg.com\/pt\/drip-coffee-shop\/","title":{"rendered":"Drip Coffee"},"content":{"rendered":"<div data-elementor-type=\"wp-page\" data-elementor-id=\"607\" class=\"elementor elementor-607\" data-elementor-post-type=\"page\">\n\t\t\t\t\t\t\t\t\t<section class=\"elementor-section elementor-top-section elementor-element elementor-element-20f43f7 elementor-section-boxed elementor-section-height-default elementor-section-height-default\" data-id=\"20f43f7\" data-element_type=\"section\">\n\t\t\t\t\t\t<div class=\"elementor-container elementor-column-gap-default\">\n\t\t\t\t\t<div class=\"elementor-column elementor-col-100 elementor-top-column elementor-element elementor-element-bbcaeae\" data-id=\"bbcaeae\" data-element_type=\"column\">\n\t\t\t<div class=\"elementor-widget-wrap elementor-element-populated\">\n\t\t\t\t\t\t\t\t<div class=\"elementor-element elementor-element-0b32892 elementor-widget elementor-widget-jet-woo-products\" data-id=\"0b32892\" data-element_type=\"widget\" data-settings=\"{&quot;columns&quot;:&quot;3&quot;,&quot;columns_mobile&quot;:&quot;1&quot;,&quot;slides_to_scroll&quot;:&quot;1&quot;,&quot;space_between_slides&quot;:10}\" data-widget_type=\"jet-woo-products.default\">\n\t\t\t\t<div class=\"elementor-widget-container\">\n\t\t\t<div class=\"elementor-jet-woo-products jet-woo-builder\"><div class=\"jet-woo-carousel swiper-container horizontal\" data-slider_options=\"{&quot;direction&quot;:&quot;horizontal&quot;,&quot;slidesPerGroup&quot;:1,&quot;simulateTouch&quot;:true,&quot;loop&quot;:true,&quot;freeMode&quot;:false,&quot;centeredSlides&quot;:false,&quot;speed&quot;:500,&quot;paginationEnable&quot;:true,&quot;navigationEnable&quot;:true,&quot;dynamicBullets&quot;:false,&quot;autoplay&quot;:{&quot;delay&quot;:5000,&quot;disableOnInteraction&quot;:false}}\" dir=\"ltr\"> <div class=\"jet-woo-products jet-woo-products--preset-1 swiper-wrapper  jet-equal-cols\" data-mobile-hover=\"1\" >\n<div class=\"jet-woo-products__item jet-woo-builder-product swiper-slide\" data-product-id=\"520\">\n\t<div class=\"jet-woo-products__inner-box jet-woo-item-overlay-wrap\" data-url=\"https:\/\/cafedafazendamg.com\/pt\/produto\/pink-label-limited-edition-drip-coffee\/\" >\n\t\t\n<div class=\"jet-woo-product-thumbnail\">\n\t\n\t<img fetchpriority=\"high\" decoding=\"async\" width=\"300\" height=\"300\" src=\"https:\/\/cafedafazendamg.com\/wp-content\/uploads\/2022\/12\/DRIP-GOURMET-300x300.png\" class=\"attachment-woocommerce_thumbnail size-woocommerce_thumbnail\" alt=\"\" srcset=\"https:\/\/cafedafazendamg.com\/wp-content\/uploads\/2022\/12\/DRIP-GOURMET-300x300.png 300w, https:\/\/cafedafazendamg.com\/wp-content\/uploads\/2022\/12\/DRIP-GOURMET-150x150.png 150w, https:\/\/cafedafazendamg.com\/wp-content\/uploads\/2022\/12\/DRIP-GOURMET-12x12.png 12w, https:\/\/cafedafazendamg.com\/wp-content\/uploads\/2022\/12\/DRIP-GOURMET-100x100.png 100w, https:\/\/cafedafazendamg.com\/wp-content\/uploads\/2022\/12\/DRIP-GOURMET.png 500w\" sizes=\"(max-width: 300px) 100vw, 300px\" \/>\n\t<div class=\"jet-woo-product-img-overlay\"><\/div>\n\n\t\n\t<\/div>\n<div class=\"jet-woo-product-categories\">\n\t<ul><li><a href=\"https:\/\/cafedafazendamg.com\/pt\/categoria-produto\/drip-coffee\/\" rel=\"tag\">Drip Coffee<\/a><\/li><\/ul>\n<\/div><h5 class=\"jet-woo-product-title\" ><a href=\"https:\/\/cafedafazendamg.com\/pt\/produto\/pink-label-limited-edition-drip-coffee\/\" >Drip Coffee Gourmet<\/a><\/h5>\n<div class=\"jet-woo-product-price\">\n\t<span class=\"price\"><span class=\"woocommerce-Price-amount amount\"><bdi><span class=\"woocommerce-Price-currencySymbol\">&#82;&#36;<\/span>&nbsp;31,00<\/bdi><\/span><\/span>\n<\/div>\n<div class=\"jet-woo-product-excerpt\">\n\tSelo Laranja: Produzido com caf\u00e9 Gourmet de aroma intenso e encorpado, acidez m\u00e9dia agrad\u00e1vel, notas de nozes, am\u00eandoas, caramelo.<\/div>\n<div class=\"jet-woo-product-button\">\n\t<a href=\"?add-to-cart=520\" data-quantity=\"1\" class=\"button product_type_simple add_to_cart_button ajax_add_to_cart\" data-product_id=\"520\" data-product_sku=\"\" aria-label=\"Add to cart: \u201cGourmet Drip Coffee\u201d\" rel=\"nofollow\" data-no-translation=\"\" data-trp-gettext=\"\" data-no-translation-aria-label=\"\">Comprar<\/a><\/div>\n<div class=\"jet-woo-products-cqw-wrapper\">\n\t<\/div>\t<\/div>\n\n\t\t\t<a href=\"https:\/\/cafedafazendamg.com\/pt\/produto\/pink-label-limited-edition-drip-coffee\/\" class=\"jet-woo-item-overlay-link\"  ><\/a>\n\t<\/div>\n<div class=\"jet-woo-products__item jet-woo-builder-product swiper-slide\" data-product-id=\"519\">\n\t<div class=\"jet-woo-products__inner-box jet-woo-item-overlay-wrap\" data-url=\"https:\/\/cafedafazendamg.com\/pt\/produto\/yellow-label-limited-edition-drip-coffee\/\" >\n\t\t\n<div class=\"jet-woo-product-thumbnail\">\n\t\n\t<img decoding=\"async\" width=\"300\" height=\"300\" src=\"https:\/\/cafedafazendamg.com\/wp-content\/uploads\/2022\/12\/DRIP-AMARELO-300x300.png\" class=\"attachment-woocommerce_thumbnail size-woocommerce_thumbnail\" alt=\"\" srcset=\"https:\/\/cafedafazendamg.com\/wp-content\/uploads\/2022\/12\/DRIP-AMARELO-300x300.png 300w, https:\/\/cafedafazendamg.com\/wp-content\/uploads\/2022\/12\/DRIP-AMARELO-150x150.png 150w, https:\/\/cafedafazendamg.com\/wp-content\/uploads\/2022\/12\/DRIP-AMARELO-12x12.png 12w, https:\/\/cafedafazendamg.com\/wp-content\/uploads\/2022\/12\/DRIP-AMARELO-100x100.png 100w, https:\/\/cafedafazendamg.com\/wp-content\/uploads\/2022\/12\/DRIP-AMARELO.png 500w\" sizes=\"(max-width: 300px) 100vw, 300px\" \/>\n\t<div class=\"jet-woo-product-img-overlay\"><\/div>\n\n\t\n\t<\/div>\n<div class=\"jet-woo-product-categories\">\n\t<ul><li><a href=\"https:\/\/cafedafazendamg.com\/pt\/categoria-produto\/drip-coffee\/\" rel=\"tag\">Drip Coffee<\/a><\/li><\/ul>\n<\/div><h5 class=\"jet-woo-product-title\" ><a href=\"https:\/\/cafedafazendamg.com\/pt\/produto\/yellow-label-limited-edition-drip-coffee\/\" >Drip Coffee Safra Limitada - Selo Amarelo<\/a><\/h5>\n<div class=\"jet-woo-product-price\">\n\t<span class=\"price\"><span class=\"woocommerce-Price-amount amount\"><bdi><span class=\"woocommerce-Price-currencySymbol\">&#82;&#36;<\/span>&nbsp;33,00<\/bdi><\/span><\/span>\n<\/div>\n<div class=\"jet-woo-product-excerpt\">\n\tOs r\u00f3tulos amarelos do nosso caf\u00e9 Safra Especial representam um caf\u00e9 de aroma intenso...<\/div>\n<div class=\"jet-woo-product-button\">\n\t<a href=\"?add-to-cart=519\" data-quantity=\"1\" class=\"button product_type_simple add_to_cart_button ajax_add_to_cart\" data-product_id=\"519\" data-product_sku=\"\" aria-label=\"Add to cart: \u201cYellow Seal- Limited-Edition Drip Coffee\u201d\" rel=\"nofollow\" data-no-translation=\"\" data-trp-gettext=\"\" data-no-translation-aria-label=\"\">Comprar<\/a><\/div>\n<div class=\"jet-woo-products-cqw-wrapper\">\n\t<\/div>\t<\/div>\n\n\t\t\t<a href=\"https:\/\/cafedafazendamg.com\/pt\/produto\/yellow-label-limited-edition-drip-coffee\/\" class=\"jet-woo-item-overlay-link\"  ><\/a>\n\t<\/div><\/div>\n <div class=\"swiper-pagination\"><\/div> <div class=\"prev-arrow jet-swiper-button-prev jet-arrow\"><svg aria-hidden=\"true\" class=\"e-font-icon-svg e-fas-angle-left\" viewbox=\"0 0 256 512\" xmlns=\"http:\/\/www.w3.org\/2000\/svg\"><path d=\"M31.7 239l136-136c9.4-9.4 24.6-9.4 33.9 0l22.6 22.6c9.4 9.4 9.4 24.6 0 33.9L127.9 256l96.4 96.4c9.4 9.4 9.4 24.6 0 33.9L201.7 409c-9.4 9.4-24.6 9.4-33.9 0l-136-136c-9.5-9.4-9.5-24.6-.1-34z\"><\/path><\/svg><\/div> <div class=\"next-arrow jet-swiper-button-next jet-arrow\"><svg aria-hidden=\"true\" class=\"e-font-icon-svg e-fas-angle-right\" viewbox=\"0 0 256 512\" xmlns=\"http:\/\/www.w3.org\/2000\/svg\"><path d=\"M224.3 273l-136 136c-9.4 9.4-24.6 9.4-33.9 0l-22.6-22.6c-9.4-9.4-9.4-24.6 0-33.9l96.4-96.4-96.4-96.4c-9.4-9.4-9.4-24.6 0-33.9L54.3 103c9.4-9.4 24.6-9.4 33.9 0l136 136c9.5 9.4 9.5 24.6.1 34z\"><\/path><\/svg><\/div> <\/div><\/div>\t\t<\/div>\n\t\t\t\t<\/div>\n\t\t\t\t\t<\/div>\n\t\t<\/div>\n\t\t\t\t\t\t\t<\/div>\n\t\t<\/section>\n\t\t\t\t<section class=\"elementor-section elementor-top-section elementor-element elementor-element-060ad3d elementor-section-boxed elementor-section-height-default elementor-section-height-default\" data-id=\"060ad3d\" data-element_type=\"section\">\n\t\t\t\t\t\t<div class=\"elementor-container elementor-column-gap-default\">\n\t\t\t\t\t<div class=\"elementor-column elementor-col-100 elementor-top-column elementor-element elementor-element-0f54b1d\" data-id=\"0f54b1d\" data-element_type=\"column\">\n\t\t\t<div class=\"elementor-widget-wrap elementor-element-populated\">\n\t\t\t\t\t\t\t\t<div class=\"elementor-element elementor-element-ebe3a7c elementor-align-right elementor-widget elementor-widget-button\" data-id=\"ebe3a7c\" data-element_type=\"widget\" data-widget_type=\"button.default\">\n\t\t\t\t<div class=\"elementor-widget-container\">\n\t\t\t\t\t<div class=\"elementor-button-wrapper\">\n\t\t\t<a class=\"elementor-button elementor-button-link elementor-size-sm\" href=\"https:\/\/cafedafazendamg.com\/pt\/shop\/\">\n\t\t\t\t\t\t<span class=\"elementor-button-content-wrapper\">\n\t\t\t\t\t\t<span class=\"elementor-button-text\">Voltar \u00e0 loja<\/span>\n\t\t<\/span>\n\t\t\t\t\t<\/a>\n\t\t<\/div>\n\t\t\t\t<\/div>\n\t\t\t\t<\/div>\n\t\t\t\t\t<\/div>\n\t\t<\/div>\n\t\t\t\t\t\t\t<\/div>\n\t\t<\/section>\n\t\t\t\t\t\t\t<\/div>","protected":false},"excerpt":{"rendered":"<p>Drip Coffee Purple Label &#8211; Limited-Edition Drip Coffee &#82;&#36;&nbsp;23,90 The purple labels on our Limited-Edition coffee represent an intense&#8230; Add to cart Drip Coffee Pink Label &#8211; Limited-Edition Drip Coffee &#82;&#36;&nbsp;23,90 The pink labels on our Limited-Edition coffee represent a light&#8230; Add to cart Drip Coffee Yellow Label &#8211; Limited-Edition Drip Coffee &#82;&#36;&nbsp;23,90 The yellow [&hellip;]<\/p>","protected":false},"author":1,"featured_media":0,"parent":0,"menu_order":0,"comment_status":"closed","ping_status":"closed","template":"","meta":{"footnotes":""},"yoast_head":"<!-- This site is optimized with the Yoast SEO plugin v21.9.1 - https:\/\/yoast.com\/wordpress\/plugins\/seo\/ -->\n<title>Drip Coffee Shop - Cafe da Fazenda<\/title>\n<meta name=\"robots\" content=\"index, follow, max-snippet:-1, max-image-preview:large, max-video-preview:-1\" \/>\n<link rel=\"canonical\" href=\"https:\/\/cafedafazendamg.com\/pt\/drip-coffee-shop\/\" \/>\n<meta property=\"og:locale\" content=\"pt_BR\" \/>\n<meta property=\"og:type\" content=\"article\" \/>\n<meta property=\"og:title\" content=\"Drip Coffee Shop - Cafe da Fazenda\" \/>\n<meta property=\"og:description\" content=\"Drip Coffee Purple Label &#8211; Limited-Edition Drip Coffee &#082;&#036;&nbsp;23,90 The purple labels on our Limited-Edition coffee represent an intense&#8230; Add to cart Drip Coffee Pink Label &#8211; Limited-Edition Drip Coffee &#082;&#036;&nbsp;23,90 The pink labels on our Limited-Edition coffee represent a light&#8230; Add to cart Drip Coffee Yellow Label &#8211; Limited-Edition Drip Coffee &#082;&#036;&nbsp;23,90 The yellow [&hellip;]\" \/>\n<meta property=\"og:url\" content=\"https:\/\/cafedafazendamg.com\/pt\/drip-coffee-shop\/\" \/>\n<meta property=\"og:site_name\" content=\"Cafe da Fazenda\" \/>\n<meta property=\"article:modified_time\" content=\"2023-03-13T10:55:42+00:00\" \/>\n<meta property=\"og:image\" content=\"https:\/\/cafedafazendamg.com\/wp-content\/uploads\/2022\/12\/Drip-Coffee-Safra-Especial-Joao-Felicio-Celestino-1-300x300.webp\" \/>\n<meta name=\"twitter:card\" content=\"summary_large_image\" \/>\n<meta name=\"twitter:label1\" content=\"Est. tempo de leitura\" \/>\n\t<meta name=\"twitter:data1\" content=\"2 minutos\" \/>\n<script type=\"application\/ld+json\" class=\"yoast-schema-graph\">{\"@context\":\"https:\/\/schema.org\",\"@graph\":[{\"@type\":\"WebPage\",\"@id\":\"https:\/\/cafedafazendamg.com\/drip-coffee-shop\/\",\"url\":\"https:\/\/cafedafazendamg.com\/drip-coffee-shop\/\",\"name\":\"Drip Coffee Shop - Cafe da Fazenda\",\"isPartOf\":{\"@id\":\"https:\/\/cafedafazendamg.com\/#website\"},\"datePublished\":\"2022-12-12T04:05:45+00:00\",\"dateModified\":\"2023-03-13T10:55:42+00:00\",\"breadcrumb\":{\"@id\":\"https:\/\/cafedafazendamg.com\/drip-coffee-shop\/#breadcrumb\"},\"inLanguage\":\"pt-BR\",\"potentialAction\":[{\"@type\":\"ReadAction\",\"target\":[\"https:\/\/cafedafazendamg.com\/drip-coffee-shop\/\"]}]},{\"@type\":\"BreadcrumbList\",\"@id\":\"https:\/\/cafedafazendamg.com\/drip-coffee-shop\/#breadcrumb\",\"itemListElement\":[{\"@type\":\"ListItem\",\"position\":1,\"name\":\"Home\",\"item\":\"https:\/\/cafedafazendamg.com\/\"},{\"@type\":\"ListItem\",\"position\":2,\"name\":\"Drip Coffee Shop\"}]},{\"@type\":\"WebSite\",\"@id\":\"https:\/\/cafedafazendamg.com\/#website\",\"url\":\"https:\/\/cafedafazendamg.com\/\",\"name\":\"Cafe da Fazenda\",\"description\":\"O Puro Sabor do Caf\u00e9\",\"publisher\":{\"@id\":\"https:\/\/cafedafazendamg.com\/#organization\"},\"potentialAction\":[{\"@type\":\"SearchAction\",\"target\":{\"@type\":\"EntryPoint\",\"urlTemplate\":\"https:\/\/cafedafazendamg.com\/?s={search_term_string}\"},\"query-input\":\"required name=search_term_string\"}],\"inLanguage\":\"pt-BR\"},{\"@type\":\"Organization\",\"@id\":\"https:\/\/cafedafazendamg.com\/#organization\",\"name\":\"Cafe da Fazenda\",\"url\":\"https:\/\/cafedafazendamg.com\/\",\"logo\":{\"@type\":\"ImageObject\",\"inLanguage\":\"pt-BR\",\"@id\":\"https:\/\/cafedafazendamg.com\/#\/schema\/logo\/image\/\",\"url\":\"https:\/\/cafedafazendamg.com\/wp-content\/uploads\/2022\/09\/1658517167_logo_cafe_sem_fundo.webp\",\"contentUrl\":\"https:\/\/cafedafazendamg.com\/wp-content\/uploads\/2022\/09\/1658517167_logo_cafe_sem_fundo.webp\",\"width\":500,\"height\":500,\"caption\":\"Cafe da Fazenda\"},\"image\":{\"@id\":\"https:\/\/cafedafazendamg.com\/#\/schema\/logo\/image\/\"}}]}<\/script>\n<!-- \/ Yoast SEO plugin. -->","yoast_head_json":{"title":"Drip Coffee Shop - Cafe da Fazenda","robots":{"index":"index","follow":"follow","max-snippet":"max-snippet:-1","max-image-preview":"max-image-preview:large","max-video-preview":"max-video-preview:-1"},"canonical":"https:\/\/cafedafazendamg.com\/pt\/drip-coffee-shop\/","og_locale":"pt_BR","og_type":"article","og_title":"Drip Coffee Shop - Cafe da Fazenda","og_description":"Drip Coffee Purple Label &#8211; Limited-Edition Drip Coffee &#82;&#36;&nbsp;23,90 The purple labels on our Limited-Edition coffee represent an intense&#8230; Add to cart Drip Coffee Pink Label &#8211; Limited-Edition Drip Coffee &#82;&#36;&nbsp;23,90 The pink labels on our Limited-Edition coffee represent a light&#8230; Add to cart Drip Coffee Yellow Label &#8211; Limited-Edition Drip Coffee &#82;&#36;&nbsp;23,90 The yellow [&hellip;]","og_url":"https:\/\/cafedafazendamg.com\/pt\/drip-coffee-shop\/","og_site_name":"Cafe da Fazenda","article_modified_time":"2023-03-13T10:55:42+00:00","og_image":[{"url":"https:\/\/cafedafazendamg.com\/wp-content\/uploads\/2022\/12\/Drip-Coffee-Safra-Especial-Joao-Felicio-Celestino-1-300x300.webp"}],"twitter_card":"summary_large_image","twitter_misc":{"Est. tempo de leitura":"2 minutos"},"schema":{"@context":"https:\/\/schema.org","@graph":[{"@type":"WebPage","@id":"https:\/\/cafedafazendamg.com\/drip-coffee-shop\/","url":"https:\/\/cafedafazendamg.com\/drip-coffee-shop\/","name":"Drip Coffee Shop - Cafe da Fazenda","isPartOf":{"@id":"https:\/\/cafedafazendamg.com\/#website"},"datePublished":"2022-12-12T04:05:45+00:00","dateModified":"2023-03-13T10:55:42+00:00","breadcrumb":{"@id":"https:\/\/cafedafazendamg.com\/drip-coffee-shop\/#breadcrumb"},"inLanguage":"pt-BR","potentialAction":[{"@type":"ReadAction","target":["https:\/\/cafedafazendamg.com\/drip-coffee-shop\/"]}]},{"@type":"BreadcrumbList","@id":"https:\/\/cafedafazendamg.com\/drip-coffee-shop\/#breadcrumb","itemListElement":[{"@type":"ListItem","position":1,"name":"Home","item":"https:\/\/cafedafazendamg.com\/"},{"@type":"ListItem","position":2,"name":"Drip Coffee Shop"}]},{"@type":"WebSite","@id":"https:\/\/cafedafazendamg.com\/#website","url":"https:\/\/cafedafazendamg.com\/","name":"Cafe da Fazenda","description":"O Puro Sabor do Caf\u00e9","publisher":{"@id":"https:\/\/cafedafazendamg.com\/#organization"},"potentialAction":[{"@type":"SearchAction","target":{"@type":"EntryPoint","urlTemplate":"https:\/\/cafedafazendamg.com\/?s={search_term_string}"},"query-input":"required name=search_term_string"}],"inLanguage":"pt-BR"},{"@type":"Organization","@id":"https:\/\/cafedafazendamg.com\/#organization","name":"Cafe da Fazenda","url":"https:\/\/cafedafazendamg.com\/","logo":{"@type":"ImageObject","inLanguage":"pt-BR","@id":"https:\/\/cafedafazendamg.com\/#\/schema\/logo\/image\/","url":"https:\/\/cafedafazendamg.com\/wp-content\/uploads\/2022\/09\/1658517167_logo_cafe_sem_fundo.webp","contentUrl":"https:\/\/cafedafazendamg.com\/wp-content\/uploads\/2022\/09\/1658517167_logo_cafe_sem_fundo.webp","width":500,"height":500,"caption":"Cafe da Fazenda"},"image":{"@id":"https:\/\/cafedafazendamg.com\/#\/schema\/logo\/image\/"}}]}},"_links":{"self":[{"href":"https:\/\/cafedafazendamg.com\/pt\/wp-json\/wp\/v2\/pages\/607"}],"collection":[{"href":"https:\/\/cafedafazendamg.com\/pt\/wp-json\/wp\/v2\/pages"}],"about":[{"href":"https:\/\/cafedafazendamg.com\/pt\/wp-json\/wp\/v2\/types\/page"}],"author":[{"embeddable":true,"href":"https:\/\/cafedafazendamg.com\/pt\/wp-json\/wp\/v2\/users\/1"}],"replies":[{"embeddable":true,"href":"https:\/\/cafedafazendamg.com\/pt\/wp-json\/wp\/v2\/comments?post=607"}],"version-history":[{"count":14,"href":"https:\/\/cafedafazendamg.com\/pt\/wp-json\/wp\/v2\/pages\/607\/revisions"}],"predecessor-version":[{"id":895,"href":"https:\/\/cafedafazendamg.com\/pt\/wp-json\/wp\/v2\/pages\/607\/revisions\/895"}],"wp:attachment":[{"href":"https:\/\/cafedafazendamg.com\/pt\/wp-json\/wp\/v2\/media?parent=607"}],"curies":[{"name":"wp","href":"https:\/\/api.w.org\/{rel}","templated":true}]}}