{"id":639,"date":"2022-12-12T04:46:43","date_gmt":"2022-12-12T04:46:43","guid":{"rendered":"https:\/\/cafedafazendamg.com\/?page_id=639"},"modified":"2023-03-13T10:51:13","modified_gmt":"2023-03-13T10:51:13","slug":"extra-strong-coffees","status":"publish","type":"page","link":"https:\/\/cafedafazendamg.com\/pt\/extra-strong-coffees\/","title":{"rendered":"Extra-Forte"},"content":{"rendered":"<div data-elementor-type=\"wp-page\" data-elementor-id=\"639\" class=\"elementor elementor-639\" data-elementor-post-type=\"page\">\n\t\t\t\t\t\t\t\t\t<section class=\"elementor-section elementor-top-section elementor-element elementor-element-f7e5965 elementor-section-boxed elementor-section-height-default elementor-section-height-default\" data-id=\"f7e5965\" data-element_type=\"section\">\n\t\t\t\t\t\t<div class=\"elementor-container elementor-column-gap-default\">\n\t\t\t\t\t<div class=\"elementor-column elementor-col-100 elementor-top-column elementor-element elementor-element-5ccca72\" data-id=\"5ccca72\" data-element_type=\"column\">\n\t\t\t<div class=\"elementor-widget-wrap elementor-element-populated\">\n\t\t\t\t\t\t\t\t<div class=\"elementor-element elementor-element-567e65f elementor-widget elementor-widget-jet-woo-products\" data-id=\"567e65f\" data-element_type=\"widget\" data-settings=\"{&quot;columns&quot;:&quot;3&quot;,&quot;columns_mobile&quot;:&quot;1&quot;,&quot;slides_to_scroll&quot;:&quot;1&quot;,&quot;space_between_slides&quot;:10}\" data-widget_type=\"jet-woo-products.default\">\n\t\t\t\t<div class=\"elementor-widget-container\">\n\t\t\t<div class=\"elementor-jet-woo-products jet-woo-builder\"><div class=\"jet-woo-carousel swiper-container horizontal\" data-slider_options=\"{&quot;direction&quot;:&quot;horizontal&quot;,&quot;slidesPerGroup&quot;:1,&quot;simulateTouch&quot;:true,&quot;loop&quot;:true,&quot;freeMode&quot;:false,&quot;centeredSlides&quot;:false,&quot;speed&quot;:500,&quot;paginationEnable&quot;:true,&quot;navigationEnable&quot;:true,&quot;dynamicBullets&quot;:false,&quot;autoplay&quot;:{&quot;delay&quot;:5000,&quot;disableOnInteraction&quot;:false}}\" dir=\"ltr\"> <div class=\"jet-woo-products jet-woo-products--preset-1 swiper-wrapper  jet-equal-cols\" data-mobile-hover=\"1\" >\n<div class=\"jet-woo-products__item jet-woo-builder-product swiper-slide\" data-product-id=\"512\">\n\t<div class=\"jet-woo-products__inner-box jet-woo-item-overlay-wrap\" data-url=\"https:\/\/cafedafazendamg.com\/pt\/produto\/do-prata-coffee-toasted-and-ground\/\" >\n\t\t\n<div class=\"jet-woo-product-thumbnail\">\n\t\n\t<img fetchpriority=\"high\" decoding=\"async\" width=\"300\" height=\"300\" src=\"https:\/\/cafedafazendamg.com\/wp-content\/uploads\/2022\/12\/PRATA_500-300x300.png\" class=\"attachment-woocommerce_thumbnail size-woocommerce_thumbnail\" alt=\"\" srcset=\"https:\/\/cafedafazendamg.com\/wp-content\/uploads\/2022\/12\/PRATA_500-300x300.png 300w, https:\/\/cafedafazendamg.com\/wp-content\/uploads\/2022\/12\/PRATA_500-150x150.png 150w, https:\/\/cafedafazendamg.com\/wp-content\/uploads\/2022\/12\/PRATA_500-100x100.png 100w\" sizes=\"(max-width: 300px) 100vw, 300px\" \/>\n\t<div class=\"jet-woo-product-img-overlay\"><\/div>\n\n\t\n\t<\/div>\n<div class=\"jet-woo-product-categories\">\n\t<ul><li><a href=\"https:\/\/cafedafazendamg.com\/pt\/categoria-produto\/toasted-and-ground\/\" rel=\"tag\">Torrado e Mo\u00eddo<\/a><\/li><\/ul>\n<\/div><h5 class=\"jet-woo-product-title\" ><a href=\"https:\/\/cafedafazendamg.com\/pt\/produto\/do-prata-coffee-toasted-and-ground\/\" >Caf\u00e9 do Prata - Torrado e Mo\u00eddo<\/a><\/h5>\n<div class=\"jet-woo-product-price\">\n\t<span class=\"price\" data-no-translation=\"\" data-trp-gettext=\"\"><span class=\"woocommerce-Price-amount amount\"><bdi><span class=\"woocommerce-Price-currencySymbol\">&#82;&#36;<\/span>&nbsp;13,65<\/bdi><\/span> &ndash; <span class=\"woocommerce-Price-amount amount\"><bdi><span class=\"woocommerce-Price-currencySymbol\">&#82;&#36;<\/span>&nbsp;27,30<\/bdi><\/span><\/span>\n<\/div>\n<div class=\"jet-woo-product-excerpt\">\n\tNosso Caf\u00e9 Do Prata tem aroma e sabor caracter\u00edsticos, encorpado...<\/div>\n<div class=\"jet-woo-product-button\">\n\t<a href=\"https:\/\/cafedafazendamg.com\/pt\/produto\/do-prata-coffee-toasted-and-ground\/\" data-quantity=\"1\" class=\"button product_type_variable add_to_cart_button\" data-product_id=\"512\" data-product_sku=\"\" aria-label=\"Selecione as op\u00e7\u00f5es para \u201cDo Prata Coffee - Toasted and Ground\u201d\" rel=\"nofollow\" data-no-translation=\"\" data-trp-gettext=\"\" data-no-translation-aria-label=\"\">Ver op\u00e7\u00f5es<\/a><\/div>\n<div class=\"jet-woo-products-cqw-wrapper\">\n\t<\/div>\t<\/div>\n\n\t\t\t<a href=\"https:\/\/cafedafazendamg.com\/pt\/produto\/do-prata-coffee-toasted-and-ground\/\" class=\"jet-woo-item-overlay-link\"  ><\/a>\n\t<\/div>\n<div class=\"jet-woo-products__item jet-woo-builder-product swiper-slide\" data-product-id=\"449\">\n\t<div class=\"jet-woo-products__inner-box jet-woo-item-overlay-wrap\" data-url=\"https:\/\/cafedafazendamg.com\/pt\/produto\/hoodie-with-logo\/\" >\n\t\t\n<div class=\"jet-woo-product-thumbnail\">\n\t\n\t<img decoding=\"async\" width=\"300\" height=\"300\" src=\"https:\/\/cafedafazendamg.com\/wp-content\/uploads\/2022\/11\/EXTRA-500-300x300.png\" class=\"attachment-woocommerce_thumbnail size-woocommerce_thumbnail\" alt=\"\" srcset=\"https:\/\/cafedafazendamg.com\/wp-content\/uploads\/2022\/11\/EXTRA-500-300x300.png 300w, https:\/\/cafedafazendamg.com\/wp-content\/uploads\/2022\/11\/EXTRA-500-150x150.png 150w, https:\/\/cafedafazendamg.com\/wp-content\/uploads\/2022\/11\/EXTRA-500-12x12.png 12w, https:\/\/cafedafazendamg.com\/wp-content\/uploads\/2022\/11\/EXTRA-500-100x100.png 100w, https:\/\/cafedafazendamg.com\/wp-content\/uploads\/2022\/11\/EXTRA-500.png 500w\" sizes=\"(max-width: 300px) 100vw, 300px\" \/>\n\t<div class=\"jet-woo-product-img-overlay\"><\/div>\n\n\t\n\t<\/div>\n<div class=\"jet-woo-product-categories\">\n\t<ul><li><a href=\"https:\/\/cafedafazendamg.com\/pt\/categoria-produto\/toasted-and-ground\/\" rel=\"tag\">Torrado e Mo\u00eddo<\/a><\/li><\/ul>\n<\/div><h5 class=\"jet-woo-product-title\" ><a href=\"https:\/\/cafedafazendamg.com\/pt\/produto\/hoodie-with-logo\/\" >Caf\u00e9 da Fazenda - Extra Forte - Torrado e Mo\u00eddo<\/a><\/h5>\n<div class=\"jet-woo-product-price\">\n\t<span class=\"price\" data-no-translation=\"\" data-trp-gettext=\"\"><span class=\"woocommerce-Price-amount amount\"><bdi><span class=\"woocommerce-Price-currencySymbol\">&#82;&#36;<\/span>&nbsp;14,00<\/bdi><\/span> &ndash; <span class=\"woocommerce-Price-amount amount\"><bdi><span class=\"woocommerce-Price-currencySymbol\">&#82;&#36;<\/span>&nbsp;28,00<\/bdi><\/span><\/span>\n<\/div>\n<div class=\"jet-woo-product-excerpt\">\n\tCombina\u00e7\u00e3o de gr\u00e3os com ponto de torra media escura, que resulta em um caf\u00e9 de sabor forte e marcante, aroma intenso e encorpado. \u00c9 o Caf\u00e9 ideal para todos os momentos de pique e disposi\u00e7\u00e3o.<\/div>\n<div class=\"jet-woo-product-button\">\n\t<a href=\"https:\/\/cafedafazendamg.com\/pt\/produto\/hoodie-with-logo\/\" data-quantity=\"1\" class=\"button product_type_variable add_to_cart_button\" data-product_id=\"449\" data-product_sku=\"\" aria-label=\"Selecione as op\u00e7\u00f5es para \u201cExtra Strong Coffee - Tosted and Ground\u201d\" rel=\"nofollow\" data-no-translation=\"\" data-trp-gettext=\"\" data-no-translation-aria-label=\"\">Ver op\u00e7\u00f5es<\/a><\/div>\n<div class=\"jet-woo-products-cqw-wrapper\">\n\t<\/div>\t<\/div>\n\n\t\t\t<a href=\"https:\/\/cafedafazendamg.com\/pt\/produto\/hoodie-with-logo\/\" class=\"jet-woo-item-overlay-link\"  ><\/a>\n\t<\/div><\/div>\n <div class=\"swiper-pagination\"><\/div> <div class=\"prev-arrow jet-swiper-button-prev jet-arrow\"><svg aria-hidden=\"true\" class=\"e-font-icon-svg e-fas-angle-left\" viewbox=\"0 0 256 512\" xmlns=\"http:\/\/www.w3.org\/2000\/svg\"><path d=\"M31.7 239l136-136c9.4-9.4 24.6-9.4 33.9 0l22.6 22.6c9.4 9.4 9.4 24.6 0 33.9L127.9 256l96.4 96.4c9.4 9.4 9.4 24.6 0 33.9L201.7 409c-9.4 9.4-24.6 9.4-33.9 0l-136-136c-9.5-9.4-9.5-24.6-.1-34z\"><\/path><\/svg><\/div> <div class=\"next-arrow jet-swiper-button-next jet-arrow\"><svg aria-hidden=\"true\" class=\"e-font-icon-svg e-fas-angle-right\" viewbox=\"0 0 256 512\" xmlns=\"http:\/\/www.w3.org\/2000\/svg\"><path d=\"M224.3 273l-136 136c-9.4 9.4-24.6 9.4-33.9 0l-22.6-22.6c-9.4-9.4-9.4-24.6 0-33.9l96.4-96.4-96.4-96.4c-9.4-9.4-9.4-24.6 0-33.9L54.3 103c9.4-9.4 24.6-9.4 33.9 0l136 136c9.5 9.4 9.5 24.6.1 34z\"><\/path><\/svg><\/div> <\/div><\/div>\t\t<\/div>\n\t\t\t\t<\/div>\n\t\t\t\t\t<\/div>\n\t\t<\/div>\n\t\t\t\t\t\t\t<\/div>\n\t\t<\/section>\n\t\t\t\t<section class=\"elementor-section elementor-top-section elementor-element elementor-element-f717cf3 elementor-section-boxed elementor-section-height-default elementor-section-height-default\" data-id=\"f717cf3\" data-element_type=\"section\">\n\t\t\t\t\t\t<div class=\"elementor-container elementor-column-gap-default\">\n\t\t\t\t\t<div class=\"elementor-column elementor-col-100 elementor-top-column elementor-element elementor-element-d3da702\" data-id=\"d3da702\" data-element_type=\"column\">\n\t\t\t<div class=\"elementor-widget-wrap elementor-element-populated\">\n\t\t\t\t\t\t\t\t<div class=\"elementor-element elementor-element-e276c78 elementor-align-right elementor-widget elementor-widget-button\" data-id=\"e276c78\" data-element_type=\"widget\" data-widget_type=\"button.default\">\n\t\t\t\t<div class=\"elementor-widget-container\">\n\t\t\t\t\t<div class=\"elementor-button-wrapper\">\n\t\t\t<a class=\"elementor-button elementor-button-link elementor-size-sm\" href=\"https:\/\/cafedafazendamg.com\/pt\/our-products\/\">\n\t\t\t\t\t\t<span class=\"elementor-button-content-wrapper\">\n\t\t\t\t\t\t<span class=\"elementor-button-text\">Voltar \u00e0 lista de Produtos<\/span>\n\t\t<\/span>\n\t\t\t\t\t<\/a>\n\t\t<\/div>\n\t\t\t\t<\/div>\n\t\t\t\t<\/div>\n\t\t\t\t\t<\/div>\n\t\t<\/div>\n\t\t\t\t\t\t\t<\/div>\n\t\t<\/section>\n\t\t\t\t\t\t\t<\/div>","protected":false},"excerpt":{"rendered":"<p>Toasted and Ground Do Prata Coffee &#8211; Toasted and Ground &#82;&#36;&nbsp;7,90 &ndash; &#82;&#36;&nbsp;15,75 Our Do Prata Coffee has its characteristic aroma and flavor,&#8230; Select options Toasted and Ground Extra Strong Coffee &#8211; Tosted and Ground &#82;&#36;&nbsp;7,90 &ndash; &#82;&#36;&nbsp;17,75 A coffee with a strong and striking flavor, intense and&#8230; Select options Back to Full Product List<\/p>","protected":false},"author":1,"featured_media":0,"parent":0,"menu_order":0,"comment_status":"closed","ping_status":"closed","template":"","meta":{"footnotes":""},"yoast_head":"<!-- This site is optimized with the Yoast SEO plugin v21.9.1 - https:\/\/yoast.com\/wordpress\/plugins\/seo\/ -->\n<title>Extra Strong Coffees - Cafe da Fazenda<\/title>\n<meta name=\"robots\" content=\"index, follow, max-snippet:-1, max-image-preview:large, max-video-preview:-1\" \/>\n<link rel=\"canonical\" href=\"https:\/\/cafedafazendamg.com\/pt\/extra-strong-coffees\/\" \/>\n<meta property=\"og:locale\" content=\"pt_BR\" \/>\n<meta property=\"og:type\" content=\"article\" \/>\n<meta property=\"og:title\" content=\"Extra Strong Coffees - Cafe da Fazenda\" \/>\n<meta property=\"og:description\" content=\"Toasted and Ground Do Prata Coffee &#8211; Toasted and Ground &#082;&#036;&nbsp;7,90 &ndash; &#082;&#036;&nbsp;15,75 Our Do Prata Coffee has its characteristic aroma and flavor,&#8230; Select options Toasted and Ground Extra Strong Coffee &#8211; Tosted and Ground &#082;&#036;&nbsp;7,90 &ndash; &#082;&#036;&nbsp;17,75 A coffee with a strong and striking flavor, intense and&#8230; Select options Back to Full Product List\" \/>\n<meta property=\"og:url\" content=\"https:\/\/cafedafazendamg.com\/pt\/extra-strong-coffees\/\" \/>\n<meta property=\"og:site_name\" content=\"Cafe da Fazenda\" \/>\n<meta property=\"article:modified_time\" content=\"2023-03-13T10:51:13+00:00\" \/>\n<meta property=\"og:image\" content=\"https:\/\/cafedafazendamg.com\/wp-content\/uploads\/2022\/12\/Cafe-do-Prata-Extra-Forte-Torrado-e-Moido-300x300.webp\" \/>\n<meta name=\"twitter:card\" content=\"summary_large_image\" \/>\n<meta name=\"twitter:label1\" content=\"Est. tempo de leitura\" \/>\n\t<meta name=\"twitter:data1\" content=\"2 minutos\" \/>\n<script type=\"application\/ld+json\" class=\"yoast-schema-graph\">{\"@context\":\"https:\/\/schema.org\",\"@graph\":[{\"@type\":\"WebPage\",\"@id\":\"https:\/\/cafedafazendamg.com\/extra-strong-coffees\/\",\"url\":\"https:\/\/cafedafazendamg.com\/extra-strong-coffees\/\",\"name\":\"Extra Strong Coffees - Cafe da Fazenda\",\"isPartOf\":{\"@id\":\"https:\/\/cafedafazendamg.com\/#website\"},\"datePublished\":\"2022-12-12T04:46:43+00:00\",\"dateModified\":\"2023-03-13T10:51:13+00:00\",\"breadcrumb\":{\"@id\":\"https:\/\/cafedafazendamg.com\/extra-strong-coffees\/#breadcrumb\"},\"inLanguage\":\"pt-BR\",\"potentialAction\":[{\"@type\":\"ReadAction\",\"target\":[\"https:\/\/cafedafazendamg.com\/extra-strong-coffees\/\"]}]},{\"@type\":\"BreadcrumbList\",\"@id\":\"https:\/\/cafedafazendamg.com\/extra-strong-coffees\/#breadcrumb\",\"itemListElement\":[{\"@type\":\"ListItem\",\"position\":1,\"name\":\"Home\",\"item\":\"https:\/\/cafedafazendamg.com\/\"},{\"@type\":\"ListItem\",\"position\":2,\"name\":\"Extra Strong Coffees\"}]},{\"@type\":\"WebSite\",\"@id\":\"https:\/\/cafedafazendamg.com\/#website\",\"url\":\"https:\/\/cafedafazendamg.com\/\",\"name\":\"Cafe da Fazenda\",\"description\":\"O Puro Sabor do Caf\u00e9\",\"publisher\":{\"@id\":\"https:\/\/cafedafazendamg.com\/#organization\"},\"potentialAction\":[{\"@type\":\"SearchAction\",\"target\":{\"@type\":\"EntryPoint\",\"urlTemplate\":\"https:\/\/cafedafazendamg.com\/?s={search_term_string}\"},\"query-input\":\"required name=search_term_string\"}],\"inLanguage\":\"pt-BR\"},{\"@type\":\"Organization\",\"@id\":\"https:\/\/cafedafazendamg.com\/#organization\",\"name\":\"Cafe da Fazenda\",\"url\":\"https:\/\/cafedafazendamg.com\/\",\"logo\":{\"@type\":\"ImageObject\",\"inLanguage\":\"pt-BR\",\"@id\":\"https:\/\/cafedafazendamg.com\/#\/schema\/logo\/image\/\",\"url\":\"https:\/\/cafedafazendamg.com\/wp-content\/uploads\/2022\/09\/1658517167_logo_cafe_sem_fundo.webp\",\"contentUrl\":\"https:\/\/cafedafazendamg.com\/wp-content\/uploads\/2022\/09\/1658517167_logo_cafe_sem_fundo.webp\",\"width\":500,\"height\":500,\"caption\":\"Cafe da Fazenda\"},\"image\":{\"@id\":\"https:\/\/cafedafazendamg.com\/#\/schema\/logo\/image\/\"}}]}<\/script>\n<!-- \/ Yoast SEO plugin. -->","yoast_head_json":{"title":"Extra Strong Coffees - Cafe da Fazenda","robots":{"index":"index","follow":"follow","max-snippet":"max-snippet:-1","max-image-preview":"max-image-preview:large","max-video-preview":"max-video-preview:-1"},"canonical":"https:\/\/cafedafazendamg.com\/pt\/extra-strong-coffees\/","og_locale":"pt_BR","og_type":"article","og_title":"Extra Strong Coffees - Cafe da Fazenda","og_description":"Toasted and Ground Do Prata Coffee &#8211; Toasted and Ground &#82;&#36;&nbsp;7,90 &ndash; &#82;&#36;&nbsp;15,75 Our Do Prata Coffee has its characteristic aroma and flavor,&#8230; Select options Toasted and Ground Extra Strong Coffee &#8211; Tosted and Ground &#82;&#36;&nbsp;7,90 &ndash; &#82;&#36;&nbsp;17,75 A coffee with a strong and striking flavor, intense and&#8230; Select options Back to Full Product List","og_url":"https:\/\/cafedafazendamg.com\/pt\/extra-strong-coffees\/","og_site_name":"Cafe da Fazenda","article_modified_time":"2023-03-13T10:51:13+00:00","og_image":[{"url":"https:\/\/cafedafazendamg.com\/wp-content\/uploads\/2022\/12\/Cafe-do-Prata-Extra-Forte-Torrado-e-Moido-300x300.webp"}],"twitter_card":"summary_large_image","twitter_misc":{"Est. tempo de leitura":"2 minutos"},"schema":{"@context":"https:\/\/schema.org","@graph":[{"@type":"WebPage","@id":"https:\/\/cafedafazendamg.com\/extra-strong-coffees\/","url":"https:\/\/cafedafazendamg.com\/extra-strong-coffees\/","name":"Extra Strong Coffees - Cafe da Fazenda","isPartOf":{"@id":"https:\/\/cafedafazendamg.com\/#website"},"datePublished":"2022-12-12T04:46:43+00:00","dateModified":"2023-03-13T10:51:13+00:00","breadcrumb":{"@id":"https:\/\/cafedafazendamg.com\/extra-strong-coffees\/#breadcrumb"},"inLanguage":"pt-BR","potentialAction":[{"@type":"ReadAction","target":["https:\/\/cafedafazendamg.com\/extra-strong-coffees\/"]}]},{"@type":"BreadcrumbList","@id":"https:\/\/cafedafazendamg.com\/extra-strong-coffees\/#breadcrumb","itemListElement":[{"@type":"ListItem","position":1,"name":"Home","item":"https:\/\/cafedafazendamg.com\/"},{"@type":"ListItem","position":2,"name":"Extra Strong Coffees"}]},{"@type":"WebSite","@id":"https:\/\/cafedafazendamg.com\/#website","url":"https:\/\/cafedafazendamg.com\/","name":"Cafe da Fazenda","description":"O Puro Sabor do Caf\u00e9","publisher":{"@id":"https:\/\/cafedafazendamg.com\/#organization"},"potentialAction":[{"@type":"SearchAction","target":{"@type":"EntryPoint","urlTemplate":"https:\/\/cafedafazendamg.com\/?s={search_term_string}"},"query-input":"required name=search_term_string"}],"inLanguage":"pt-BR"},{"@type":"Organization","@id":"https:\/\/cafedafazendamg.com\/#organization","name":"Cafe da Fazenda","url":"https:\/\/cafedafazendamg.com\/","logo":{"@type":"ImageObject","inLanguage":"pt-BR","@id":"https:\/\/cafedafazendamg.com\/#\/schema\/logo\/image\/","url":"https:\/\/cafedafazendamg.com\/wp-content\/uploads\/2022\/09\/1658517167_logo_cafe_sem_fundo.webp","contentUrl":"https:\/\/cafedafazendamg.com\/wp-content\/uploads\/2022\/09\/1658517167_logo_cafe_sem_fundo.webp","width":500,"height":500,"caption":"Cafe da Fazenda"},"image":{"@id":"https:\/\/cafedafazendamg.com\/#\/schema\/logo\/image\/"}}]}},"_links":{"self":[{"href":"https:\/\/cafedafazendamg.com\/pt\/wp-json\/wp\/v2\/pages\/639"}],"collection":[{"href":"https:\/\/cafedafazendamg.com\/pt\/wp-json\/wp\/v2\/pages"}],"about":[{"href":"https:\/\/cafedafazendamg.com\/pt\/wp-json\/wp\/v2\/types\/page"}],"author":[{"embeddable":true,"href":"https:\/\/cafedafazendamg.com\/pt\/wp-json\/wp\/v2\/users\/1"}],"replies":[{"embeddable":true,"href":"https:\/\/cafedafazendamg.com\/pt\/wp-json\/wp\/v2\/comments?post=639"}],"version-history":[{"count":10,"href":"https:\/\/cafedafazendamg.com\/pt\/wp-json\/wp\/v2\/pages\/639\/revisions"}],"predecessor-version":[{"id":847,"href":"https:\/\/cafedafazendamg.com\/pt\/wp-json\/wp\/v2\/pages\/639\/revisions\/847"}],"wp:attachment":[{"href":"https:\/\/cafedafazendamg.com\/pt\/wp-json\/wp\/v2\/media?parent=639"}],"curies":[{"name":"wp","href":"https:\/\/api.w.org\/{rel}","templated":true}]}}