{"id":1024,"date":"2024-04-03T15:17:45","date_gmt":"2024-04-03T15:17:45","guid":{"rendered":"https:\/\/cafedafazendamg.com\/?post_type=product&#038;p=1024"},"modified":"2025-12-16T11:21:27","modified_gmt":"2025-12-16T11:21:27","slug":"cafe-safra-limitada-selo-azul-torrado-e-moido","status":"publish","type":"product","link":"https:\/\/cafedafazendamg.com\/pt\/produto\/cafe-safra-limitada-selo-azul-torrado-e-moido\/","title":{"rendered":"Caf\u00e9 Safra Limitada - Selo Azul - Torrado e Mo\u00eddo"},"content":{"rendered":"<p>Nossos Caf\u00e9s Edi\u00e7\u00e3o Limitada s\u00e3o caf\u00e9s em microlotes, em sua maioria provenientes de produtores da agricultura familiar, com notas acima de 85 pontos. Caf\u00e9s de alta qualidade, torrados em pequenos lotes, alcan\u00e7am um equil\u00edbrio perfeito entre aroma e sabor. Os selos em diversas cores oferecem rastreabilidade desde o produto at\u00e9 a x\u00edcara, informando os tipos de caf\u00e9, seus respectivos produtores e regi\u00f5es de cultivo. Escolhido especialmente para quem sabe apreciar os bons prazeres da vida.<\/p>","protected":false},"excerpt":{"rendered":"<p id=\"tw-target-text\" class=\"tw-data-text tw-text-large tw-ta\" dir=\"ltr\" data-placeholder=\"Tradu\u00e7\u00e3o\" aria-label=\"Texto traduzido\" data-ved=\"2ahUKEwionuX65J6GAxXeqZUCHUpdBa8Q3ewLegQIChAU\"><span class=\"Y2IQFc\" lang=\"en\">Os r\u00f3tulos Azuis do nosso caf\u00e9 de Edi\u00e7\u00e3o Limitada representam um caf\u00e9\u00a0 encorpado, acidez baixa, do\u00e7ura lembrando mela\u00e7o e frutas vermelhas.<\/span><\/p>","protected":false},"featured_media":1023,"comment_status":"open","ping_status":"closed","template":"","meta":[],"product_cat":[28],"product_tag":[37,36],"yoast_head":"<!-- This site is optimized with the Yoast SEO plugin v21.9.1 - https:\/\/yoast.com\/wordpress\/plugins\/seo\/ -->\n<title>Limited Crop Coffee \u2013 Blue Seal \u2013 Toasted and Ground - Cafe da Fazenda<\/title>\n<meta name=\"robots\" content=\"index, follow, max-snippet:-1, max-image-preview:large, max-video-preview:-1\" \/>\n<link rel=\"canonical\" href=\"https:\/\/cafedafazendamg.com\/pt\/produto\/cafe-safra-limitada-selo-azul-torrado-e-moido\/\" \/>\n<meta property=\"og:locale\" content=\"pt_BR\" \/>\n<meta property=\"og:type\" content=\"article\" \/>\n<meta property=\"og:title\" content=\"Limited Crop Coffee \u2013 Blue Seal \u2013 Toasted and Ground - Cafe da Fazenda\" \/>\n<meta property=\"og:description\" content=\"The Blue labels on our Limited Edition coffee represent a full-bodied coffee, low acidity, sweetness reminiscent of molasses and red fruits.\" \/>\n<meta property=\"og:url\" content=\"https:\/\/cafedafazendamg.com\/pt\/produto\/cafe-safra-limitada-selo-azul-torrado-e-moido\/\" \/>\n<meta property=\"og:site_name\" content=\"Cafe da Fazenda\" \/>\n<meta property=\"article:modified_time\" content=\"2025-12-16T11:21:27+00:00\" \/>\n<meta property=\"og:image\" content=\"https:\/\/cafedafazendamg.com\/wp-content\/uploads\/2024\/04\/WhatsApp_Image_2024-04-03_at_11.54.24_AM-removebg-preview.png\" \/>\n\t<meta property=\"og:image:width\" content=\"688\" \/>\n\t<meta property=\"og:image:height\" content=\"363\" \/>\n\t<meta property=\"og:image:type\" content=\"image\/png\" \/>\n<meta name=\"twitter:card\" content=\"summary_large_image\" \/>\n<meta name=\"twitter:label1\" content=\"Est. tempo de leitura\" \/>\n\t<meta name=\"twitter:data1\" content=\"1 minuto\" \/>\n<script type=\"application\/ld+json\" class=\"yoast-schema-graph\">{\"@context\":\"https:\/\/schema.org\",\"@graph\":[{\"@type\":\"WebPage\",\"@id\":\"https:\/\/cafedafazendamg.com\/product\/cafe-safra-limitada-selo-azul-torrado-e-moido\/\",\"url\":\"https:\/\/cafedafazendamg.com\/product\/cafe-safra-limitada-selo-azul-torrado-e-moido\/\",\"name\":\"Limited Crop Coffee \u2013 Blue Seal \u2013 Toasted and Ground - Cafe da Fazenda\",\"isPartOf\":{\"@id\":\"https:\/\/cafedafazendamg.com\/#website\"},\"datePublished\":\"2024-04-03T15:17:45+00:00\",\"dateModified\":\"2025-12-16T11:21:27+00:00\",\"breadcrumb\":{\"@id\":\"https:\/\/cafedafazendamg.com\/product\/cafe-safra-limitada-selo-azul-torrado-e-moido\/#breadcrumb\"},\"inLanguage\":\"pt-BR\",\"potentialAction\":[{\"@type\":\"ReadAction\",\"target\":[\"https:\/\/cafedafazendamg.com\/product\/cafe-safra-limitada-selo-azul-torrado-e-moido\/\"]}]},{\"@type\":\"BreadcrumbList\",\"@id\":\"https:\/\/cafedafazendamg.com\/product\/cafe-safra-limitada-selo-azul-torrado-e-moido\/#breadcrumb\",\"itemListElement\":[{\"@type\":\"ListItem\",\"position\":1,\"name\":\"Home\",\"item\":\"https:\/\/cafedafazendamg.com\/\"},{\"@type\":\"ListItem\",\"position\":2,\"name\":\"Shop\",\"item\":\"https:\/\/cafedafazendamg.com\/shop\/\"},{\"@type\":\"ListItem\",\"position\":3,\"name\":\"Limited Crop Coffee \u2013 Blue Seal \u2013 Toasted and Ground\"}]},{\"@type\":\"WebSite\",\"@id\":\"https:\/\/cafedafazendamg.com\/#website\",\"url\":\"https:\/\/cafedafazendamg.com\/\",\"name\":\"Cafe da Fazenda\",\"description\":\"O Puro Sabor do Caf\u00e9\",\"publisher\":{\"@id\":\"https:\/\/cafedafazendamg.com\/#organization\"},\"potentialAction\":[{\"@type\":\"SearchAction\",\"target\":{\"@type\":\"EntryPoint\",\"urlTemplate\":\"https:\/\/cafedafazendamg.com\/?s={search_term_string}\"},\"query-input\":\"required name=search_term_string\"}],\"inLanguage\":\"pt-BR\"},{\"@type\":\"Organization\",\"@id\":\"https:\/\/cafedafazendamg.com\/#organization\",\"name\":\"Cafe da Fazenda\",\"url\":\"https:\/\/cafedafazendamg.com\/\",\"logo\":{\"@type\":\"ImageObject\",\"inLanguage\":\"pt-BR\",\"@id\":\"https:\/\/cafedafazendamg.com\/#\/schema\/logo\/image\/\",\"url\":\"https:\/\/cafedafazendamg.com\/wp-content\/uploads\/2022\/09\/1658517167_logo_cafe_sem_fundo.webp\",\"contentUrl\":\"https:\/\/cafedafazendamg.com\/wp-content\/uploads\/2022\/09\/1658517167_logo_cafe_sem_fundo.webp\",\"width\":500,\"height\":500,\"caption\":\"Cafe da Fazenda\"},\"image\":{\"@id\":\"https:\/\/cafedafazendamg.com\/#\/schema\/logo\/image\/\"}}]}<\/script>\n<!-- \/ Yoast SEO plugin. -->","yoast_head_json":{"title":"Limited Crop Coffee \u2013 Blue Seal \u2013 Toasted and Ground - Cafe da Fazenda","robots":{"index":"index","follow":"follow","max-snippet":"max-snippet:-1","max-image-preview":"max-image-preview:large","max-video-preview":"max-video-preview:-1"},"canonical":"https:\/\/cafedafazendamg.com\/pt\/produto\/cafe-safra-limitada-selo-azul-torrado-e-moido\/","og_locale":"pt_BR","og_type":"article","og_title":"Limited Crop Coffee \u2013 Blue Seal \u2013 Toasted and Ground - Cafe da Fazenda","og_description":"The Blue labels on our Limited Edition coffee represent a full-bodied coffee, low acidity, sweetness reminiscent of molasses and red fruits.","og_url":"https:\/\/cafedafazendamg.com\/pt\/produto\/cafe-safra-limitada-selo-azul-torrado-e-moido\/","og_site_name":"Cafe da Fazenda","article_modified_time":"2025-12-16T11:21:27+00:00","og_image":[{"width":688,"height":363,"url":"https:\/\/cafedafazendamg.com\/wp-content\/uploads\/2024\/04\/WhatsApp_Image_2024-04-03_at_11.54.24_AM-removebg-preview.png","type":"image\/png"}],"twitter_card":"summary_large_image","twitter_misc":{"Est. tempo de leitura":"1 minuto"},"schema":{"@context":"https:\/\/schema.org","@graph":[{"@type":"WebPage","@id":"https:\/\/cafedafazendamg.com\/product\/cafe-safra-limitada-selo-azul-torrado-e-moido\/","url":"https:\/\/cafedafazendamg.com\/product\/cafe-safra-limitada-selo-azul-torrado-e-moido\/","name":"Limited Crop Coffee \u2013 Blue Seal \u2013 Toasted and Ground - Cafe da Fazenda","isPartOf":{"@id":"https:\/\/cafedafazendamg.com\/#website"},"datePublished":"2024-04-03T15:17:45+00:00","dateModified":"2025-12-16T11:21:27+00:00","breadcrumb":{"@id":"https:\/\/cafedafazendamg.com\/product\/cafe-safra-limitada-selo-azul-torrado-e-moido\/#breadcrumb"},"inLanguage":"pt-BR","potentialAction":[{"@type":"ReadAction","target":["https:\/\/cafedafazendamg.com\/product\/cafe-safra-limitada-selo-azul-torrado-e-moido\/"]}]},{"@type":"BreadcrumbList","@id":"https:\/\/cafedafazendamg.com\/product\/cafe-safra-limitada-selo-azul-torrado-e-moido\/#breadcrumb","itemListElement":[{"@type":"ListItem","position":1,"name":"Home","item":"https:\/\/cafedafazendamg.com\/"},{"@type":"ListItem","position":2,"name":"Shop","item":"https:\/\/cafedafazendamg.com\/shop\/"},{"@type":"ListItem","position":3,"name":"Limited Crop Coffee \u2013 Blue Seal \u2013 Toasted and Ground"}]},{"@type":"WebSite","@id":"https:\/\/cafedafazendamg.com\/#website","url":"https:\/\/cafedafazendamg.com\/","name":"Cafe da Fazenda","description":"O Puro Sabor do Caf\u00e9","publisher":{"@id":"https:\/\/cafedafazendamg.com\/#organization"},"potentialAction":[{"@type":"SearchAction","target":{"@type":"EntryPoint","urlTemplate":"https:\/\/cafedafazendamg.com\/?s={search_term_string}"},"query-input":"required name=search_term_string"}],"inLanguage":"pt-BR"},{"@type":"Organization","@id":"https:\/\/cafedafazendamg.com\/#organization","name":"Cafe da Fazenda","url":"https:\/\/cafedafazendamg.com\/","logo":{"@type":"ImageObject","inLanguage":"pt-BR","@id":"https:\/\/cafedafazendamg.com\/#\/schema\/logo\/image\/","url":"https:\/\/cafedafazendamg.com\/wp-content\/uploads\/2022\/09\/1658517167_logo_cafe_sem_fundo.webp","contentUrl":"https:\/\/cafedafazendamg.com\/wp-content\/uploads\/2022\/09\/1658517167_logo_cafe_sem_fundo.webp","width":500,"height":500,"caption":"Cafe da Fazenda"},"image":{"@id":"https:\/\/cafedafazendamg.com\/#\/schema\/logo\/image\/"}}]}},"_links":{"self":[{"href":"https:\/\/cafedafazendamg.com\/pt\/wp-json\/wp\/v2\/product\/1024"}],"collection":[{"href":"https:\/\/cafedafazendamg.com\/pt\/wp-json\/wp\/v2\/product"}],"about":[{"href":"https:\/\/cafedafazendamg.com\/pt\/wp-json\/wp\/v2\/types\/product"}],"replies":[{"embeddable":true,"href":"https:\/\/cafedafazendamg.com\/pt\/wp-json\/wp\/v2\/comments?post=1024"}],"wp:featuredmedia":[{"embeddable":true,"href":"https:\/\/cafedafazendamg.com\/pt\/wp-json\/wp\/v2\/media\/1023"}],"wp:attachment":[{"href":"https:\/\/cafedafazendamg.com\/pt\/wp-json\/wp\/v2\/media?parent=1024"}],"wp:term":[{"taxonomy":"product_cat","embeddable":true,"href":"https:\/\/cafedafazendamg.com\/pt\/wp-json\/wp\/v2\/product_cat?post=1024"},{"taxonomy":"product_tag","embeddable":true,"href":"https:\/\/cafedafazendamg.com\/pt\/wp-json\/wp\/v2\/product_tag?post=1024"}],"curies":[{"name":"wp","href":"https:\/\/api.w.org\/{rel}","templated":true}]}}