{"id":449,"date":"2022-11-22T08:45:32","date_gmt":"2022-11-22T08:45:32","guid":{"rendered":"https:\/\/cafedafazendamg.com\/product\/hoodie-with-logo\/"},"modified":"2025-05-20T14:50:36","modified_gmt":"2025-05-20T14:50:36","slug":"hoodie-with-logo","status":"publish","type":"product","link":"https:\/\/cafedafazendamg.com\/pt\/produto\/hoodie-with-logo\/","title":{"rendered":"Caf\u00e9 da Fazenda - Extra Forte - Torrado e Mo\u00eddo"},"content":{"rendered":"<p>Nosso caf\u00e9 Extra Forte utiliza mat\u00e9rias-primas com as mesmas caracter\u00edsticas do nosso caf\u00e9 tradicional, diferenciada por uma torra um pouco mais acentuada.<br \/>\nNa produ\u00e7\u00e3o do nosso caf\u00e9 Extra-Forte, os gr\u00e3os passam por uma sele\u00e7\u00e3o rigorosa, utilizando um blend de caf\u00e9 ar\u00e1bica mais caf\u00e9 robusta (ou conilon), que resulta em uma bebida marcante e encorpada.<br \/>\nEsse blend conquistou o p\u00fablico por ser acess\u00edvel e se tornar um produto econ\u00f4mico, para o consumo di\u00e1rio dos mais interessados na inje\u00e7\u00e3o de energia que ela proporciona. Principalmente para quem consome caf\u00e9 com a\u00e7\u00facar.<\/p>","protected":false},"excerpt":{"rendered":"<p class=\" translation-block\">Combina\u00e7\u00e3o de gr\u00e3os com ponto de torra media escura, que resulta em um caf\u00e9 de sabor forte e marcante, aroma intenso e encorpado.  \u00c9 o Caf\u00e9 ideal para todos os momentos de pique e disposi\u00e7\u00e3o.<\/p>","protected":false},"featured_media":1092,"comment_status":"open","ping_status":"closed","template":"","meta":[],"product_cat":[28],"product_tag":[29,30,32],"yoast_head":"<!-- This site is optimized with the Yoast SEO plugin v21.9.1 - https:\/\/yoast.com\/wordpress\/plugins\/seo\/ -->\n<title>Extra Strong Coffee - Tosted and Ground - Cafe da Fazenda<\/title>\n<meta name=\"robots\" content=\"index, follow, max-snippet:-1, max-image-preview:large, max-video-preview:-1\" \/>\n<link rel=\"canonical\" href=\"https:\/\/cafedafazendamg.com\/pt\/produto\/hoodie-with-logo\/\" \/>\n<meta property=\"og:locale\" content=\"pt_BR\" \/>\n<meta property=\"og:type\" content=\"article\" \/>\n<meta property=\"og:title\" content=\"Extra Strong Coffee - Tosted and Ground - Cafe da Fazenda\" \/>\n<meta property=\"og:description\" content=\"A coffee with a strong and striking flavor, intense and full-bodied aroma. It is the ideal coffee to give you a shot of energy to get your day going.\" \/>\n<meta property=\"og:url\" content=\"https:\/\/cafedafazendamg.com\/pt\/produto\/hoodie-with-logo\/\" \/>\n<meta property=\"og:site_name\" content=\"Cafe da Fazenda\" \/>\n<meta property=\"article:modified_time\" content=\"2025-05-20T14:50:36+00:00\" \/>\n<meta property=\"og:image\" content=\"https:\/\/cafedafazendamg.com\/wp-content\/uploads\/2022\/11\/EXTRA-500.png\" \/>\n\t<meta property=\"og:image:width\" content=\"500\" \/>\n\t<meta property=\"og:image:height\" content=\"500\" \/>\n\t<meta property=\"og:image:type\" content=\"image\/png\" \/>\n<meta name=\"twitter:card\" content=\"summary_large_image\" \/>\n<meta name=\"twitter:label1\" content=\"Est. tempo de leitura\" \/>\n\t<meta name=\"twitter:data1\" content=\"1 minuto\" \/>\n<script type=\"application\/ld+json\" class=\"yoast-schema-graph\">{\"@context\":\"https:\/\/schema.org\",\"@graph\":[{\"@type\":\"WebPage\",\"@id\":\"https:\/\/cafedafazendamg.com\/product\/hoodie-with-logo\/\",\"url\":\"https:\/\/cafedafazendamg.com\/product\/hoodie-with-logo\/\",\"name\":\"Extra Strong Coffee - Tosted and Ground - Cafe da Fazenda\",\"isPartOf\":{\"@id\":\"https:\/\/cafedafazendamg.com\/#website\"},\"datePublished\":\"2022-11-22T08:45:32+00:00\",\"dateModified\":\"2025-05-20T14:50:36+00:00\",\"breadcrumb\":{\"@id\":\"https:\/\/cafedafazendamg.com\/product\/hoodie-with-logo\/#breadcrumb\"},\"inLanguage\":\"pt-BR\",\"potentialAction\":[{\"@type\":\"ReadAction\",\"target\":[\"https:\/\/cafedafazendamg.com\/product\/hoodie-with-logo\/\"]}]},{\"@type\":\"BreadcrumbList\",\"@id\":\"https:\/\/cafedafazendamg.com\/product\/hoodie-with-logo\/#breadcrumb\",\"itemListElement\":[{\"@type\":\"ListItem\",\"position\":1,\"name\":\"Home\",\"item\":\"https:\/\/cafedafazendamg.com\/\"},{\"@type\":\"ListItem\",\"position\":2,\"name\":\"Shop\",\"item\":\"https:\/\/cafedafazendamg.com\/shop\/\"},{\"@type\":\"ListItem\",\"position\":3,\"name\":\"Extra Strong Coffee &#8211; Tosted and Ground\"}]},{\"@type\":\"WebSite\",\"@id\":\"https:\/\/cafedafazendamg.com\/#website\",\"url\":\"https:\/\/cafedafazendamg.com\/\",\"name\":\"Cafe da Fazenda\",\"description\":\"O Puro Sabor do Caf\u00e9\",\"publisher\":{\"@id\":\"https:\/\/cafedafazendamg.com\/#organization\"},\"potentialAction\":[{\"@type\":\"SearchAction\",\"target\":{\"@type\":\"EntryPoint\",\"urlTemplate\":\"https:\/\/cafedafazendamg.com\/?s={search_term_string}\"},\"query-input\":\"required name=search_term_string\"}],\"inLanguage\":\"pt-BR\"},{\"@type\":\"Organization\",\"@id\":\"https:\/\/cafedafazendamg.com\/#organization\",\"name\":\"Cafe da Fazenda\",\"url\":\"https:\/\/cafedafazendamg.com\/\",\"logo\":{\"@type\":\"ImageObject\",\"inLanguage\":\"pt-BR\",\"@id\":\"https:\/\/cafedafazendamg.com\/#\/schema\/logo\/image\/\",\"url\":\"https:\/\/cafedafazendamg.com\/wp-content\/uploads\/2022\/09\/1658517167_logo_cafe_sem_fundo.webp\",\"contentUrl\":\"https:\/\/cafedafazendamg.com\/wp-content\/uploads\/2022\/09\/1658517167_logo_cafe_sem_fundo.webp\",\"width\":500,\"height\":500,\"caption\":\"Cafe da Fazenda\"},\"image\":{\"@id\":\"https:\/\/cafedafazendamg.com\/#\/schema\/logo\/image\/\"}}]}<\/script>\n<!-- \/ Yoast SEO plugin. -->","yoast_head_json":{"title":"Extra Strong Coffee - Tosted and Ground - Cafe da Fazenda","robots":{"index":"index","follow":"follow","max-snippet":"max-snippet:-1","max-image-preview":"max-image-preview:large","max-video-preview":"max-video-preview:-1"},"canonical":"https:\/\/cafedafazendamg.com\/pt\/produto\/hoodie-with-logo\/","og_locale":"pt_BR","og_type":"article","og_title":"Extra Strong Coffee - Tosted and Ground - Cafe da Fazenda","og_description":"A coffee with a strong and striking flavor, intense and full-bodied aroma. It is the ideal coffee to give you a shot of energy to get your day going.","og_url":"https:\/\/cafedafazendamg.com\/pt\/produto\/hoodie-with-logo\/","og_site_name":"Cafe da Fazenda","article_modified_time":"2025-05-20T14:50:36+00:00","og_image":[{"width":500,"height":500,"url":"https:\/\/cafedafazendamg.com\/wp-content\/uploads\/2022\/11\/EXTRA-500.png","type":"image\/png"}],"twitter_card":"summary_large_image","twitter_misc":{"Est. tempo de leitura":"1 minuto"},"schema":{"@context":"https:\/\/schema.org","@graph":[{"@type":"WebPage","@id":"https:\/\/cafedafazendamg.com\/product\/hoodie-with-logo\/","url":"https:\/\/cafedafazendamg.com\/product\/hoodie-with-logo\/","name":"Extra Strong Coffee - Tosted and Ground - Cafe da Fazenda","isPartOf":{"@id":"https:\/\/cafedafazendamg.com\/#website"},"datePublished":"2022-11-22T08:45:32+00:00","dateModified":"2025-05-20T14:50:36+00:00","breadcrumb":{"@id":"https:\/\/cafedafazendamg.com\/product\/hoodie-with-logo\/#breadcrumb"},"inLanguage":"pt-BR","potentialAction":[{"@type":"ReadAction","target":["https:\/\/cafedafazendamg.com\/product\/hoodie-with-logo\/"]}]},{"@type":"BreadcrumbList","@id":"https:\/\/cafedafazendamg.com\/product\/hoodie-with-logo\/#breadcrumb","itemListElement":[{"@type":"ListItem","position":1,"name":"Home","item":"https:\/\/cafedafazendamg.com\/"},{"@type":"ListItem","position":2,"name":"Shop","item":"https:\/\/cafedafazendamg.com\/shop\/"},{"@type":"ListItem","position":3,"name":"Extra Strong Coffee &#8211; Tosted and Ground"}]},{"@type":"WebSite","@id":"https:\/\/cafedafazendamg.com\/#website","url":"https:\/\/cafedafazendamg.com\/","name":"Cafe da Fazenda","description":"O Puro Sabor do Caf\u00e9","publisher":{"@id":"https:\/\/cafedafazendamg.com\/#organization"},"potentialAction":[{"@type":"SearchAction","target":{"@type":"EntryPoint","urlTemplate":"https:\/\/cafedafazendamg.com\/?s={search_term_string}"},"query-input":"required name=search_term_string"}],"inLanguage":"pt-BR"},{"@type":"Organization","@id":"https:\/\/cafedafazendamg.com\/#organization","name":"Cafe da Fazenda","url":"https:\/\/cafedafazendamg.com\/","logo":{"@type":"ImageObject","inLanguage":"pt-BR","@id":"https:\/\/cafedafazendamg.com\/#\/schema\/logo\/image\/","url":"https:\/\/cafedafazendamg.com\/wp-content\/uploads\/2022\/09\/1658517167_logo_cafe_sem_fundo.webp","contentUrl":"https:\/\/cafedafazendamg.com\/wp-content\/uploads\/2022\/09\/1658517167_logo_cafe_sem_fundo.webp","width":500,"height":500,"caption":"Cafe da Fazenda"},"image":{"@id":"https:\/\/cafedafazendamg.com\/#\/schema\/logo\/image\/"}}]}},"_links":{"self":[{"href":"https:\/\/cafedafazendamg.com\/pt\/wp-json\/wp\/v2\/product\/449"}],"collection":[{"href":"https:\/\/cafedafazendamg.com\/pt\/wp-json\/wp\/v2\/product"}],"about":[{"href":"https:\/\/cafedafazendamg.com\/pt\/wp-json\/wp\/v2\/types\/product"}],"replies":[{"embeddable":true,"href":"https:\/\/cafedafazendamg.com\/pt\/wp-json\/wp\/v2\/comments?post=449"}],"wp:featuredmedia":[{"embeddable":true,"href":"https:\/\/cafedafazendamg.com\/pt\/wp-json\/wp\/v2\/media\/1092"}],"wp:attachment":[{"href":"https:\/\/cafedafazendamg.com\/pt\/wp-json\/wp\/v2\/media?parent=449"}],"wp:term":[{"taxonomy":"product_cat","embeddable":true,"href":"https:\/\/cafedafazendamg.com\/pt\/wp-json\/wp\/v2\/product_cat?post=449"},{"taxonomy":"product_tag","embeddable":true,"href":"https:\/\/cafedafazendamg.com\/pt\/wp-json\/wp\/v2\/product_tag?post=449"}],"curies":[{"name":"wp","href":"https:\/\/api.w.org\/{rel}","templated":true}]}}