{"id":510,"date":"2022-12-02T03:56:04","date_gmt":"2022-12-02T03:56:04","guid":{"rendered":"https:\/\/cafedafazendamg.com\/?post_type=product&#038;p=510"},"modified":"2025-01-28T13:33:12","modified_gmt":"2025-01-28T13:33:12","slug":"gourmet-coffee-export-toated-beans","status":"publish","type":"product","link":"https:\/\/cafedafazendamg.com\/pt\/produto\/gourmet-coffee-export-toated-beans\/","title":{"rendered":"Caf\u00e9 da Fazenda - Gourmet - Gr\u00e3os Torrados"},"content":{"rendered":"<p>Nosso caf\u00e9 Gourmet \u00e9 um caf\u00e9 de sabor mais suave, acidez prazerosa, notas de caramelo ao chocolate.  S\u00e3o selecionados apenas os gr\u00e3os maduros, que passam por secagem natural em terreiros de cimento e em terreiros suspensos ou em secadores rotativos. Trabalhamos com gr\u00e3os naturais ou descascados em busca da satisfa\u00e7\u00e3o de nossos clientes, inovando e oferecendo produtos e servi\u00e7os de qualidade.<\/p>","protected":false},"excerpt":{"rendered":"<p>Produzido com gr\u00e3os selecionados do caf\u00e9 cereja descascado e\/ou natural, de alta qualidade, o que resulta em um aroma inigual\u00e1vel, indo do caramelo ao chocolate, delicado sabor c\u00edtrico e adocicado de longa dura\u00e7\u00e3o. Para os amantes do caf\u00e9.\n\nEmbalagem \u00e0 v\u00e1cuo contendo 500gr de caf\u00e9 torrado e mo\u00eddo.<\/p>","protected":false},"featured_media":1088,"comment_status":"open","ping_status":"closed","template":"","meta":[],"product_cat":[35],"product_tag":[33,36],"yoast_head":"<!-- This site is optimized with the Yoast SEO plugin v21.9.1 - https:\/\/yoast.com\/wordpress\/plugins\/seo\/ -->\n<title>Gourmet Coffee Export - Toasted Beans - Cafe da Fazenda<\/title>\n<meta name=\"robots\" content=\"index, follow, max-snippet:-1, max-image-preview:large, max-video-preview:-1\" \/>\n<link rel=\"canonical\" href=\"https:\/\/cafedafazendamg.com\/pt\/produto\/gourmet-coffee-export-toated-beans\/\" \/>\n<meta property=\"og:locale\" content=\"pt_BR\" \/>\n<meta property=\"og:type\" content=\"article\" \/>\n<meta property=\"og:title\" content=\"Gourmet Coffee Export - Toasted Beans - Cafe da Fazenda\" \/>\n<meta property=\"og:description\" content=\"Made with selected beans from peeled and or natural cherry coffee, of high quality, soft drink, which results in an unparalleled aroma, ranging from caramel to chocolate, delicate citric and sweet long-lasting flavor.\" \/>\n<meta property=\"og:url\" content=\"https:\/\/cafedafazendamg.com\/pt\/produto\/gourmet-coffee-export-toated-beans\/\" \/>\n<meta property=\"og:site_name\" content=\"Cafe da Fazenda\" \/>\n<meta property=\"article:modified_time\" content=\"2025-01-28T13:33:12+00:00\" \/>\n<meta property=\"og:image\" content=\"https:\/\/cafedafazendamg.com\/wp-content\/uploads\/2022\/12\/GOURMET-GRAO.png\" \/>\n\t<meta property=\"og:image:width\" content=\"500\" \/>\n\t<meta property=\"og:image:height\" content=\"500\" \/>\n\t<meta property=\"og:image:type\" content=\"image\/png\" \/>\n<meta name=\"twitter:card\" content=\"summary_large_image\" \/>\n<meta name=\"twitter:label1\" content=\"Est. tempo de leitura\" \/>\n\t<meta name=\"twitter:data1\" content=\"1 minuto\" \/>\n<script type=\"application\/ld+json\" class=\"yoast-schema-graph\">{\"@context\":\"https:\/\/schema.org\",\"@graph\":[{\"@type\":\"WebPage\",\"@id\":\"https:\/\/cafedafazendamg.com\/product\/gourmet-coffee-export-toated-beans\/\",\"url\":\"https:\/\/cafedafazendamg.com\/product\/gourmet-coffee-export-toated-beans\/\",\"name\":\"Gourmet Coffee Export - Toasted Beans - Cafe da Fazenda\",\"isPartOf\":{\"@id\":\"https:\/\/cafedafazendamg.com\/#website\"},\"datePublished\":\"2022-12-02T03:56:04+00:00\",\"dateModified\":\"2025-01-28T13:33:12+00:00\",\"breadcrumb\":{\"@id\":\"https:\/\/cafedafazendamg.com\/product\/gourmet-coffee-export-toated-beans\/#breadcrumb\"},\"inLanguage\":\"pt-BR\",\"potentialAction\":[{\"@type\":\"ReadAction\",\"target\":[\"https:\/\/cafedafazendamg.com\/product\/gourmet-coffee-export-toated-beans\/\"]}]},{\"@type\":\"BreadcrumbList\",\"@id\":\"https:\/\/cafedafazendamg.com\/product\/gourmet-coffee-export-toated-beans\/#breadcrumb\",\"itemListElement\":[{\"@type\":\"ListItem\",\"position\":1,\"name\":\"Home\",\"item\":\"https:\/\/cafedafazendamg.com\/\"},{\"@type\":\"ListItem\",\"position\":2,\"name\":\"Shop\",\"item\":\"https:\/\/cafedafazendamg.com\/shop\/\"},{\"@type\":\"ListItem\",\"position\":3,\"name\":\"Gourmet Coffee Export &#8211; Toasted Beans\"}]},{\"@type\":\"WebSite\",\"@id\":\"https:\/\/cafedafazendamg.com\/#website\",\"url\":\"https:\/\/cafedafazendamg.com\/\",\"name\":\"Cafe da Fazenda\",\"description\":\"O Puro Sabor do Caf\u00e9\",\"publisher\":{\"@id\":\"https:\/\/cafedafazendamg.com\/#organization\"},\"potentialAction\":[{\"@type\":\"SearchAction\",\"target\":{\"@type\":\"EntryPoint\",\"urlTemplate\":\"https:\/\/cafedafazendamg.com\/?s={search_term_string}\"},\"query-input\":\"required name=search_term_string\"}],\"inLanguage\":\"pt-BR\"},{\"@type\":\"Organization\",\"@id\":\"https:\/\/cafedafazendamg.com\/#organization\",\"name\":\"Cafe da Fazenda\",\"url\":\"https:\/\/cafedafazendamg.com\/\",\"logo\":{\"@type\":\"ImageObject\",\"inLanguage\":\"pt-BR\",\"@id\":\"https:\/\/cafedafazendamg.com\/#\/schema\/logo\/image\/\",\"url\":\"https:\/\/cafedafazendamg.com\/wp-content\/uploads\/2022\/09\/1658517167_logo_cafe_sem_fundo.webp\",\"contentUrl\":\"https:\/\/cafedafazendamg.com\/wp-content\/uploads\/2022\/09\/1658517167_logo_cafe_sem_fundo.webp\",\"width\":500,\"height\":500,\"caption\":\"Cafe da Fazenda\"},\"image\":{\"@id\":\"https:\/\/cafedafazendamg.com\/#\/schema\/logo\/image\/\"}}]}<\/script>\n<!-- \/ Yoast SEO plugin. -->","yoast_head_json":{"title":"Gourmet Coffee Export - Toasted Beans - Cafe da Fazenda","robots":{"index":"index","follow":"follow","max-snippet":"max-snippet:-1","max-image-preview":"max-image-preview:large","max-video-preview":"max-video-preview:-1"},"canonical":"https:\/\/cafedafazendamg.com\/pt\/produto\/gourmet-coffee-export-toated-beans\/","og_locale":"pt_BR","og_type":"article","og_title":"Gourmet Coffee Export - Toasted Beans - Cafe da Fazenda","og_description":"Made with selected beans from peeled and or natural cherry coffee, of high quality, soft drink, which results in an unparalleled aroma, ranging from caramel to chocolate, delicate citric and sweet long-lasting flavor.","og_url":"https:\/\/cafedafazendamg.com\/pt\/produto\/gourmet-coffee-export-toated-beans\/","og_site_name":"Cafe da Fazenda","article_modified_time":"2025-01-28T13:33:12+00:00","og_image":[{"width":500,"height":500,"url":"https:\/\/cafedafazendamg.com\/wp-content\/uploads\/2022\/12\/GOURMET-GRAO.png","type":"image\/png"}],"twitter_card":"summary_large_image","twitter_misc":{"Est. tempo de leitura":"1 minuto"},"schema":{"@context":"https:\/\/schema.org","@graph":[{"@type":"WebPage","@id":"https:\/\/cafedafazendamg.com\/product\/gourmet-coffee-export-toated-beans\/","url":"https:\/\/cafedafazendamg.com\/product\/gourmet-coffee-export-toated-beans\/","name":"Gourmet Coffee Export - Toasted Beans - Cafe da Fazenda","isPartOf":{"@id":"https:\/\/cafedafazendamg.com\/#website"},"datePublished":"2022-12-02T03:56:04+00:00","dateModified":"2025-01-28T13:33:12+00:00","breadcrumb":{"@id":"https:\/\/cafedafazendamg.com\/product\/gourmet-coffee-export-toated-beans\/#breadcrumb"},"inLanguage":"pt-BR","potentialAction":[{"@type":"ReadAction","target":["https:\/\/cafedafazendamg.com\/product\/gourmet-coffee-export-toated-beans\/"]}]},{"@type":"BreadcrumbList","@id":"https:\/\/cafedafazendamg.com\/product\/gourmet-coffee-export-toated-beans\/#breadcrumb","itemListElement":[{"@type":"ListItem","position":1,"name":"Home","item":"https:\/\/cafedafazendamg.com\/"},{"@type":"ListItem","position":2,"name":"Shop","item":"https:\/\/cafedafazendamg.com\/shop\/"},{"@type":"ListItem","position":3,"name":"Gourmet Coffee Export &#8211; Toasted Beans"}]},{"@type":"WebSite","@id":"https:\/\/cafedafazendamg.com\/#website","url":"https:\/\/cafedafazendamg.com\/","name":"Cafe da Fazenda","description":"O Puro Sabor do Caf\u00e9","publisher":{"@id":"https:\/\/cafedafazendamg.com\/#organization"},"potentialAction":[{"@type":"SearchAction","target":{"@type":"EntryPoint","urlTemplate":"https:\/\/cafedafazendamg.com\/?s={search_term_string}"},"query-input":"required name=search_term_string"}],"inLanguage":"pt-BR"},{"@type":"Organization","@id":"https:\/\/cafedafazendamg.com\/#organization","name":"Cafe da Fazenda","url":"https:\/\/cafedafazendamg.com\/","logo":{"@type":"ImageObject","inLanguage":"pt-BR","@id":"https:\/\/cafedafazendamg.com\/#\/schema\/logo\/image\/","url":"https:\/\/cafedafazendamg.com\/wp-content\/uploads\/2022\/09\/1658517167_logo_cafe_sem_fundo.webp","contentUrl":"https:\/\/cafedafazendamg.com\/wp-content\/uploads\/2022\/09\/1658517167_logo_cafe_sem_fundo.webp","width":500,"height":500,"caption":"Cafe da Fazenda"},"image":{"@id":"https:\/\/cafedafazendamg.com\/#\/schema\/logo\/image\/"}}]}},"_links":{"self":[{"href":"https:\/\/cafedafazendamg.com\/pt\/wp-json\/wp\/v2\/product\/510"}],"collection":[{"href":"https:\/\/cafedafazendamg.com\/pt\/wp-json\/wp\/v2\/product"}],"about":[{"href":"https:\/\/cafedafazendamg.com\/pt\/wp-json\/wp\/v2\/types\/product"}],"replies":[{"embeddable":true,"href":"https:\/\/cafedafazendamg.com\/pt\/wp-json\/wp\/v2\/comments?post=510"}],"wp:featuredmedia":[{"embeddable":true,"href":"https:\/\/cafedafazendamg.com\/pt\/wp-json\/wp\/v2\/media\/1088"}],"wp:attachment":[{"href":"https:\/\/cafedafazendamg.com\/pt\/wp-json\/wp\/v2\/media?parent=510"}],"wp:term":[{"taxonomy":"product_cat","embeddable":true,"href":"https:\/\/cafedafazendamg.com\/pt\/wp-json\/wp\/v2\/product_cat?post=510"},{"taxonomy":"product_tag","embeddable":true,"href":"https:\/\/cafedafazendamg.com\/pt\/wp-json\/wp\/v2\/product_tag?post=510"}],"curies":[{"name":"wp","href":"https:\/\/api.w.org\/{rel}","templated":true}]}}