{"id":516,"date":"2022-12-02T04:59:05","date_gmt":"2022-12-02T04:59:05","guid":{"rendered":"https:\/\/cafedafazendamg.com\/?post_type=product&#038;p=516"},"modified":"2026-02-15T12:42:18","modified_gmt":"2026-02-15T12:42:18","slug":"yellow-label-limited-edition-coffee-toasted-beans","status":"publish","type":"product","link":"https:\/\/cafedafazendamg.com\/pt\/produto\/yellow-label-limited-edition-coffee-toasted-beans\/","title":{"rendered":"Caf\u00e9 da Fazenda - Safra Limitada FB - Gr\u00e3os Torrados"},"content":{"rendered":"<p><span style=\"vertical-align: inherit;\"><span style=\"vertical-align: inherit;\">Nossos Caf\u00e9s de Edi\u00e7\u00e3o Limitada s\u00e3o caf\u00e9s em microlotes, em sua maioria provenientes de produtores da agricultura familiar, com notas acima de 85 pontos. Caf\u00e9s de alta qualidade, torrados em pequenos lotes, alcan\u00e7am um equil\u00edbrio perfeito entre aroma e sabor. Os selos em diversas cores oferecem rastreabilidade do produto at\u00e9 a x\u00edcara, informando os tipos de caf\u00e9, seus respectivos produtores e regi\u00f5es de cultivo. Escolhido especialmente para quem sabe apreciar os bons prazeres da vida.<\/span><\/span><\/p>","protected":false},"excerpt":{"rendered":"<p><span style=\"vertical-align: inherit;\"><span style=\"vertical-align: inherit;\">Os r\u00f3tulos amarelos do nosso caf\u00e9 de Edi\u00e7\u00e3o Limitada representam um caf\u00e9 de aroma intenso, encorpado, com acidez agrad\u00e1vel, e notas sensoriais de avel\u00e3, chocolate amargo.<\/span><\/span><\/p>","protected":false},"featured_media":1020,"comment_status":"open","ping_status":"closed","template":"","meta":[],"product_cat":[35],"product_tag":[37,36],"yoast_head":"<!-- This site is optimized with the Yoast SEO plugin v21.9.1 - https:\/\/yoast.com\/wordpress\/plugins\/seo\/ -->\n<title>Yellow Label - Limited-Edition Coffee - Toasted Beans - Cafe da Fazenda<\/title>\n<meta name=\"robots\" content=\"index, follow, max-snippet:-1, max-image-preview:large, max-video-preview:-1\" \/>\n<link rel=\"canonical\" href=\"https:\/\/cafedafazendamg.com\/pt\/produto\/yellow-label-limited-edition-coffee-toasted-beans\/\" \/>\n<meta property=\"og:locale\" content=\"pt_BR\" \/>\n<meta property=\"og:type\" content=\"article\" \/>\n<meta property=\"og:title\" content=\"Yellow Label - Limited-Edition Coffee - Toasted Beans - Cafe da Fazenda\" \/>\n<meta property=\"og:description\" content=\"Os r\u00f3tulos amarelos do nosso caf\u00e9 de Edi\u00e7\u00e3o Limitada representam um caf\u00e9 de aroma intenso, encorpado, com acidez agrad\u00e1vel, e notas sensoriais de avel\u00e3, chocolate amargo.\" \/>\n<meta property=\"og:url\" content=\"https:\/\/cafedafazendamg.com\/pt\/produto\/yellow-label-limited-edition-coffee-toasted-beans\/\" \/>\n<meta property=\"og:site_name\" content=\"Cafe da Fazenda\" \/>\n<meta property=\"article:modified_time\" content=\"2026-02-15T12:42:18+00:00\" \/>\n<meta property=\"og:image\" content=\"https:\/\/cafedafazendamg.com\/wp-content\/uploads\/2022\/12\/WhatsApp_Image_2024-04-03_at_11.53.42_AM-removebg-preview.png\" \/>\n\t<meta property=\"og:image:width\" content=\"667\" \/>\n\t<meta property=\"og:image:height\" content=\"374\" \/>\n\t<meta property=\"og:image:type\" content=\"image\/png\" \/>\n<meta name=\"twitter:card\" content=\"summary_large_image\" \/>\n<meta name=\"twitter:label1\" content=\"Est. tempo de leitura\" \/>\n\t<meta name=\"twitter:data1\" content=\"1 minuto\" \/>\n<script type=\"application\/ld+json\" class=\"yoast-schema-graph\">{\"@context\":\"https:\/\/schema.org\",\"@graph\":[{\"@type\":\"WebPage\",\"@id\":\"https:\/\/cafedafazendamg.com\/product\/yellow-label-limited-edition-coffee-toasted-beans\/\",\"url\":\"https:\/\/cafedafazendamg.com\/product\/yellow-label-limited-edition-coffee-toasted-beans\/\",\"name\":\"Yellow Label - Limited-Edition Coffee - Toasted Beans - Cafe da Fazenda\",\"isPartOf\":{\"@id\":\"https:\/\/cafedafazendamg.com\/#website\"},\"datePublished\":\"2022-12-02T04:59:05+00:00\",\"dateModified\":\"2026-02-15T12:42:18+00:00\",\"breadcrumb\":{\"@id\":\"https:\/\/cafedafazendamg.com\/product\/yellow-label-limited-edition-coffee-toasted-beans\/#breadcrumb\"},\"inLanguage\":\"pt-BR\",\"potentialAction\":[{\"@type\":\"ReadAction\",\"target\":[\"https:\/\/cafedafazendamg.com\/product\/yellow-label-limited-edition-coffee-toasted-beans\/\"]}]},{\"@type\":\"BreadcrumbList\",\"@id\":\"https:\/\/cafedafazendamg.com\/product\/yellow-label-limited-edition-coffee-toasted-beans\/#breadcrumb\",\"itemListElement\":[{\"@type\":\"ListItem\",\"position\":1,\"name\":\"Home\",\"item\":\"https:\/\/cafedafazendamg.com\/\"},{\"@type\":\"ListItem\",\"position\":2,\"name\":\"Shop\",\"item\":\"https:\/\/cafedafazendamg.com\/shop\/\"},{\"@type\":\"ListItem\",\"position\":3,\"name\":\"Yellow Label &#8211; Limited-Edition Coffee &#8211; Toasted Beans\"}]},{\"@type\":\"WebSite\",\"@id\":\"https:\/\/cafedafazendamg.com\/#website\",\"url\":\"https:\/\/cafedafazendamg.com\/\",\"name\":\"Cafe da Fazenda\",\"description\":\"O Puro Sabor do Caf\u00e9\",\"publisher\":{\"@id\":\"https:\/\/cafedafazendamg.com\/#organization\"},\"potentialAction\":[{\"@type\":\"SearchAction\",\"target\":{\"@type\":\"EntryPoint\",\"urlTemplate\":\"https:\/\/cafedafazendamg.com\/?s={search_term_string}\"},\"query-input\":\"required name=search_term_string\"}],\"inLanguage\":\"pt-BR\"},{\"@type\":\"Organization\",\"@id\":\"https:\/\/cafedafazendamg.com\/#organization\",\"name\":\"Cafe da Fazenda\",\"url\":\"https:\/\/cafedafazendamg.com\/\",\"logo\":{\"@type\":\"ImageObject\",\"inLanguage\":\"pt-BR\",\"@id\":\"https:\/\/cafedafazendamg.com\/#\/schema\/logo\/image\/\",\"url\":\"https:\/\/cafedafazendamg.com\/wp-content\/uploads\/2022\/09\/1658517167_logo_cafe_sem_fundo.webp\",\"contentUrl\":\"https:\/\/cafedafazendamg.com\/wp-content\/uploads\/2022\/09\/1658517167_logo_cafe_sem_fundo.webp\",\"width\":500,\"height\":500,\"caption\":\"Cafe da Fazenda\"},\"image\":{\"@id\":\"https:\/\/cafedafazendamg.com\/#\/schema\/logo\/image\/\"}}]}<\/script>\n<!-- \/ Yoast SEO plugin. -->","yoast_head_json":{"title":"Yellow Label - Limited-Edition Coffee - Toasted Beans - Cafe da Fazenda","robots":{"index":"index","follow":"follow","max-snippet":"max-snippet:-1","max-image-preview":"max-image-preview:large","max-video-preview":"max-video-preview:-1"},"canonical":"https:\/\/cafedafazendamg.com\/pt\/produto\/yellow-label-limited-edition-coffee-toasted-beans\/","og_locale":"pt_BR","og_type":"article","og_title":"Yellow Label - Limited-Edition Coffee - Toasted Beans - Cafe da Fazenda","og_description":"Os r\u00f3tulos amarelos do nosso caf\u00e9 de Edi\u00e7\u00e3o Limitada representam um caf\u00e9 de aroma intenso, encorpado, com acidez agrad\u00e1vel, e notas sensoriais de avel\u00e3, chocolate amargo.","og_url":"https:\/\/cafedafazendamg.com\/pt\/produto\/yellow-label-limited-edition-coffee-toasted-beans\/","og_site_name":"Cafe da Fazenda","article_modified_time":"2026-02-15T12:42:18+00:00","og_image":[{"width":667,"height":374,"url":"https:\/\/cafedafazendamg.com\/wp-content\/uploads\/2022\/12\/WhatsApp_Image_2024-04-03_at_11.53.42_AM-removebg-preview.png","type":"image\/png"}],"twitter_card":"summary_large_image","twitter_misc":{"Est. tempo de leitura":"1 minuto"},"schema":{"@context":"https:\/\/schema.org","@graph":[{"@type":"WebPage","@id":"https:\/\/cafedafazendamg.com\/product\/yellow-label-limited-edition-coffee-toasted-beans\/","url":"https:\/\/cafedafazendamg.com\/product\/yellow-label-limited-edition-coffee-toasted-beans\/","name":"Yellow Label - Limited-Edition Coffee - Toasted Beans - Cafe da Fazenda","isPartOf":{"@id":"https:\/\/cafedafazendamg.com\/#website"},"datePublished":"2022-12-02T04:59:05+00:00","dateModified":"2026-02-15T12:42:18+00:00","breadcrumb":{"@id":"https:\/\/cafedafazendamg.com\/product\/yellow-label-limited-edition-coffee-toasted-beans\/#breadcrumb"},"inLanguage":"pt-BR","potentialAction":[{"@type":"ReadAction","target":["https:\/\/cafedafazendamg.com\/product\/yellow-label-limited-edition-coffee-toasted-beans\/"]}]},{"@type":"BreadcrumbList","@id":"https:\/\/cafedafazendamg.com\/product\/yellow-label-limited-edition-coffee-toasted-beans\/#breadcrumb","itemListElement":[{"@type":"ListItem","position":1,"name":"Home","item":"https:\/\/cafedafazendamg.com\/"},{"@type":"ListItem","position":2,"name":"Shop","item":"https:\/\/cafedafazendamg.com\/shop\/"},{"@type":"ListItem","position":3,"name":"Yellow Label &#8211; Limited-Edition Coffee &#8211; Toasted Beans"}]},{"@type":"WebSite","@id":"https:\/\/cafedafazendamg.com\/#website","url":"https:\/\/cafedafazendamg.com\/","name":"Cafe da Fazenda","description":"O Puro Sabor do Caf\u00e9","publisher":{"@id":"https:\/\/cafedafazendamg.com\/#organization"},"potentialAction":[{"@type":"SearchAction","target":{"@type":"EntryPoint","urlTemplate":"https:\/\/cafedafazendamg.com\/?s={search_term_string}"},"query-input":"required name=search_term_string"}],"inLanguage":"pt-BR"},{"@type":"Organization","@id":"https:\/\/cafedafazendamg.com\/#organization","name":"Cafe da Fazenda","url":"https:\/\/cafedafazendamg.com\/","logo":{"@type":"ImageObject","inLanguage":"pt-BR","@id":"https:\/\/cafedafazendamg.com\/#\/schema\/logo\/image\/","url":"https:\/\/cafedafazendamg.com\/wp-content\/uploads\/2022\/09\/1658517167_logo_cafe_sem_fundo.webp","contentUrl":"https:\/\/cafedafazendamg.com\/wp-content\/uploads\/2022\/09\/1658517167_logo_cafe_sem_fundo.webp","width":500,"height":500,"caption":"Cafe da Fazenda"},"image":{"@id":"https:\/\/cafedafazendamg.com\/#\/schema\/logo\/image\/"}}]}},"_links":{"self":[{"href":"https:\/\/cafedafazendamg.com\/pt\/wp-json\/wp\/v2\/product\/516"}],"collection":[{"href":"https:\/\/cafedafazendamg.com\/pt\/wp-json\/wp\/v2\/product"}],"about":[{"href":"https:\/\/cafedafazendamg.com\/pt\/wp-json\/wp\/v2\/types\/product"}],"replies":[{"embeddable":true,"href":"https:\/\/cafedafazendamg.com\/pt\/wp-json\/wp\/v2\/comments?post=516"}],"wp:featuredmedia":[{"embeddable":true,"href":"https:\/\/cafedafazendamg.com\/pt\/wp-json\/wp\/v2\/media\/1020"}],"wp:attachment":[{"href":"https:\/\/cafedafazendamg.com\/pt\/wp-json\/wp\/v2\/media?parent=516"}],"wp:term":[{"taxonomy":"product_cat","embeddable":true,"href":"https:\/\/cafedafazendamg.com\/pt\/wp-json\/wp\/v2\/product_cat?post=516"},{"taxonomy":"product_tag","embeddable":true,"href":"https:\/\/cafedafazendamg.com\/pt\/wp-json\/wp\/v2\/product_tag?post=516"}],"curies":[{"name":"wp","href":"https:\/\/api.w.org\/{rel}","templated":true}]}}