{"id":517,"date":"2022-12-02T04:59:45","date_gmt":"2022-12-02T04:59:45","guid":{"rendered":"https:\/\/cafedafazendamg.com\/?post_type=product&#038;p=517"},"modified":"2025-05-20T14:44:15","modified_gmt":"2025-05-20T14:44:15","slug":"yellow-label-limited-edition-coffee-toasted-and-ground","status":"publish","type":"product","link":"https:\/\/cafedafazendamg.com\/pt\/produto\/yellow-label-limited-edition-coffee-toasted-and-ground\/","title":{"rendered":"Caf\u00e9 da Fazenda - Safra Limitada FB - Torrado e Mo\u00eddo"},"content":{"rendered":"<p>Nossos caf\u00e9s especiais s\u00e3o comprados de produtores da agricultura familiar, s\u00e3o caf\u00e9s colhidos manualmente e de forma seletiva, ou seja, s\u00f3 os gr\u00e3os maduros. E como sendo de pequenos produtores, s\u00e3o lotes pequenos, por isso a safra \u00e9 limitada. Usamos cores diferentes de r\u00f3tulos para diferenciar cada produtor e cada lote comprado. Pois a cada colheita se tem aromas e sabores bem diferentes, mesmo sendo do mesmo produtor. Tudo interfere na qualidade e perfil sensorial do caf\u00e9: a esp\u00e9cie plantada, clima, terroar, chuvas, aduba\u00e7\u00e3o, modo de secagem...<\/p>","protected":false},"excerpt":{"rendered":"<p>Os r\u00f3tulos amarelos do nosso caf\u00e9 Safra Especial representam um caf\u00e9 de aroma intenso, encorpado, com acidez agrad\u00e1vel, e notas sensoriais de avel\u00e3, chocolate amargo.<\/p>","protected":false},"featured_media":1020,"comment_status":"open","ping_status":"closed","template":"","meta":[],"product_cat":[28],"product_tag":[37,36],"yoast_head":"<!-- This site is optimized with the Yoast SEO plugin v21.9.1 - https:\/\/yoast.com\/wordpress\/plugins\/seo\/ -->\n<title>Yellow Label - Limited-Edition Coffee - Toasted and Ground - Cafe da Fazenda<\/title>\n<meta name=\"robots\" content=\"index, follow, max-snippet:-1, max-image-preview:large, max-video-preview:-1\" \/>\n<link rel=\"canonical\" href=\"https:\/\/cafedafazendamg.com\/pt\/produto\/yellow-label-limited-edition-coffee-toasted-and-ground\/\" \/>\n<meta property=\"og:locale\" content=\"pt_BR\" \/>\n<meta property=\"og:type\" content=\"article\" \/>\n<meta property=\"og:title\" content=\"Yellow Label - Limited-Edition Coffee - Toasted and Ground - Cafe da Fazenda\" \/>\n<meta property=\"og:description\" content=\"The yellow labels on our Limited-Edition coffee represent an intense aroma, full-bodied coffee, with pleasant acidity, and sensorial notes of hazelnut, bitter chocolate.\" \/>\n<meta property=\"og:url\" content=\"https:\/\/cafedafazendamg.com\/pt\/produto\/yellow-label-limited-edition-coffee-toasted-and-ground\/\" \/>\n<meta property=\"og:site_name\" content=\"Cafe da Fazenda\" \/>\n<meta property=\"article:modified_time\" content=\"2025-05-20T14:44:15+00:00\" \/>\n<meta property=\"og:image\" content=\"https:\/\/cafedafazendamg.com\/wp-content\/uploads\/2022\/12\/WhatsApp_Image_2024-04-03_at_11.53.42_AM-removebg-preview.png\" \/>\n\t<meta property=\"og:image:width\" content=\"667\" \/>\n\t<meta property=\"og:image:height\" content=\"374\" \/>\n\t<meta property=\"og:image:type\" content=\"image\/png\" \/>\n<meta name=\"twitter:card\" content=\"summary_large_image\" \/>\n<meta name=\"twitter:label1\" content=\"Est. tempo de leitura\" \/>\n\t<meta name=\"twitter:data1\" content=\"1 minuto\" \/>\n<script type=\"application\/ld+json\" class=\"yoast-schema-graph\">{\"@context\":\"https:\/\/schema.org\",\"@graph\":[{\"@type\":\"WebPage\",\"@id\":\"https:\/\/cafedafazendamg.com\/product\/yellow-label-limited-edition-coffee-toasted-and-ground\/\",\"url\":\"https:\/\/cafedafazendamg.com\/product\/yellow-label-limited-edition-coffee-toasted-and-ground\/\",\"name\":\"Yellow Label - Limited-Edition Coffee - Toasted and Ground - Cafe da Fazenda\",\"isPartOf\":{\"@id\":\"https:\/\/cafedafazendamg.com\/#website\"},\"datePublished\":\"2022-12-02T04:59:45+00:00\",\"dateModified\":\"2025-05-20T14:44:15+00:00\",\"breadcrumb\":{\"@id\":\"https:\/\/cafedafazendamg.com\/product\/yellow-label-limited-edition-coffee-toasted-and-ground\/#breadcrumb\"},\"inLanguage\":\"pt-BR\",\"potentialAction\":[{\"@type\":\"ReadAction\",\"target\":[\"https:\/\/cafedafazendamg.com\/product\/yellow-label-limited-edition-coffee-toasted-and-ground\/\"]}]},{\"@type\":\"BreadcrumbList\",\"@id\":\"https:\/\/cafedafazendamg.com\/product\/yellow-label-limited-edition-coffee-toasted-and-ground\/#breadcrumb\",\"itemListElement\":[{\"@type\":\"ListItem\",\"position\":1,\"name\":\"Home\",\"item\":\"https:\/\/cafedafazendamg.com\/\"},{\"@type\":\"ListItem\",\"position\":2,\"name\":\"Shop\",\"item\":\"https:\/\/cafedafazendamg.com\/shop\/\"},{\"@type\":\"ListItem\",\"position\":3,\"name\":\"Yellow Label &#8211; Limited-Edition Coffee &#8211; Toasted and Ground\"}]},{\"@type\":\"WebSite\",\"@id\":\"https:\/\/cafedafazendamg.com\/#website\",\"url\":\"https:\/\/cafedafazendamg.com\/\",\"name\":\"Cafe da Fazenda\",\"description\":\"O Puro Sabor do Caf\u00e9\",\"publisher\":{\"@id\":\"https:\/\/cafedafazendamg.com\/#organization\"},\"potentialAction\":[{\"@type\":\"SearchAction\",\"target\":{\"@type\":\"EntryPoint\",\"urlTemplate\":\"https:\/\/cafedafazendamg.com\/?s={search_term_string}\"},\"query-input\":\"required name=search_term_string\"}],\"inLanguage\":\"pt-BR\"},{\"@type\":\"Organization\",\"@id\":\"https:\/\/cafedafazendamg.com\/#organization\",\"name\":\"Cafe da Fazenda\",\"url\":\"https:\/\/cafedafazendamg.com\/\",\"logo\":{\"@type\":\"ImageObject\",\"inLanguage\":\"pt-BR\",\"@id\":\"https:\/\/cafedafazendamg.com\/#\/schema\/logo\/image\/\",\"url\":\"https:\/\/cafedafazendamg.com\/wp-content\/uploads\/2022\/09\/1658517167_logo_cafe_sem_fundo.webp\",\"contentUrl\":\"https:\/\/cafedafazendamg.com\/wp-content\/uploads\/2022\/09\/1658517167_logo_cafe_sem_fundo.webp\",\"width\":500,\"height\":500,\"caption\":\"Cafe da Fazenda\"},\"image\":{\"@id\":\"https:\/\/cafedafazendamg.com\/#\/schema\/logo\/image\/\"}}]}<\/script>\n<!-- \/ Yoast SEO plugin. -->","yoast_head_json":{"title":"Yellow Label - Limited-Edition Coffee - Toasted and Ground - Cafe da Fazenda","robots":{"index":"index","follow":"follow","max-snippet":"max-snippet:-1","max-image-preview":"max-image-preview:large","max-video-preview":"max-video-preview:-1"},"canonical":"https:\/\/cafedafazendamg.com\/pt\/produto\/yellow-label-limited-edition-coffee-toasted-and-ground\/","og_locale":"pt_BR","og_type":"article","og_title":"Yellow Label - Limited-Edition Coffee - Toasted and Ground - Cafe da Fazenda","og_description":"The yellow labels on our Limited-Edition coffee represent an intense aroma, full-bodied coffee, with pleasant acidity, and sensorial notes of hazelnut, bitter chocolate.","og_url":"https:\/\/cafedafazendamg.com\/pt\/produto\/yellow-label-limited-edition-coffee-toasted-and-ground\/","og_site_name":"Cafe da Fazenda","article_modified_time":"2025-05-20T14:44:15+00:00","og_image":[{"width":667,"height":374,"url":"https:\/\/cafedafazendamg.com\/wp-content\/uploads\/2022\/12\/WhatsApp_Image_2024-04-03_at_11.53.42_AM-removebg-preview.png","type":"image\/png"}],"twitter_card":"summary_large_image","twitter_misc":{"Est. tempo de leitura":"1 minuto"},"schema":{"@context":"https:\/\/schema.org","@graph":[{"@type":"WebPage","@id":"https:\/\/cafedafazendamg.com\/product\/yellow-label-limited-edition-coffee-toasted-and-ground\/","url":"https:\/\/cafedafazendamg.com\/product\/yellow-label-limited-edition-coffee-toasted-and-ground\/","name":"Yellow Label - Limited-Edition Coffee - Toasted and Ground - Cafe da Fazenda","isPartOf":{"@id":"https:\/\/cafedafazendamg.com\/#website"},"datePublished":"2022-12-02T04:59:45+00:00","dateModified":"2025-05-20T14:44:15+00:00","breadcrumb":{"@id":"https:\/\/cafedafazendamg.com\/product\/yellow-label-limited-edition-coffee-toasted-and-ground\/#breadcrumb"},"inLanguage":"pt-BR","potentialAction":[{"@type":"ReadAction","target":["https:\/\/cafedafazendamg.com\/product\/yellow-label-limited-edition-coffee-toasted-and-ground\/"]}]},{"@type":"BreadcrumbList","@id":"https:\/\/cafedafazendamg.com\/product\/yellow-label-limited-edition-coffee-toasted-and-ground\/#breadcrumb","itemListElement":[{"@type":"ListItem","position":1,"name":"Home","item":"https:\/\/cafedafazendamg.com\/"},{"@type":"ListItem","position":2,"name":"Shop","item":"https:\/\/cafedafazendamg.com\/shop\/"},{"@type":"ListItem","position":3,"name":"Yellow Label &#8211; Limited-Edition Coffee &#8211; Toasted and Ground"}]},{"@type":"WebSite","@id":"https:\/\/cafedafazendamg.com\/#website","url":"https:\/\/cafedafazendamg.com\/","name":"Cafe da Fazenda","description":"O Puro Sabor do Caf\u00e9","publisher":{"@id":"https:\/\/cafedafazendamg.com\/#organization"},"potentialAction":[{"@type":"SearchAction","target":{"@type":"EntryPoint","urlTemplate":"https:\/\/cafedafazendamg.com\/?s={search_term_string}"},"query-input":"required name=search_term_string"}],"inLanguage":"pt-BR"},{"@type":"Organization","@id":"https:\/\/cafedafazendamg.com\/#organization","name":"Cafe da Fazenda","url":"https:\/\/cafedafazendamg.com\/","logo":{"@type":"ImageObject","inLanguage":"pt-BR","@id":"https:\/\/cafedafazendamg.com\/#\/schema\/logo\/image\/","url":"https:\/\/cafedafazendamg.com\/wp-content\/uploads\/2022\/09\/1658517167_logo_cafe_sem_fundo.webp","contentUrl":"https:\/\/cafedafazendamg.com\/wp-content\/uploads\/2022\/09\/1658517167_logo_cafe_sem_fundo.webp","width":500,"height":500,"caption":"Cafe da Fazenda"},"image":{"@id":"https:\/\/cafedafazendamg.com\/#\/schema\/logo\/image\/"}}]}},"_links":{"self":[{"href":"https:\/\/cafedafazendamg.com\/pt\/wp-json\/wp\/v2\/product\/517"}],"collection":[{"href":"https:\/\/cafedafazendamg.com\/pt\/wp-json\/wp\/v2\/product"}],"about":[{"href":"https:\/\/cafedafazendamg.com\/pt\/wp-json\/wp\/v2\/types\/product"}],"replies":[{"embeddable":true,"href":"https:\/\/cafedafazendamg.com\/pt\/wp-json\/wp\/v2\/comments?post=517"}],"wp:featuredmedia":[{"embeddable":true,"href":"https:\/\/cafedafazendamg.com\/pt\/wp-json\/wp\/v2\/media\/1020"}],"wp:attachment":[{"href":"https:\/\/cafedafazendamg.com\/pt\/wp-json\/wp\/v2\/media?parent=517"}],"wp:term":[{"taxonomy":"product_cat","embeddable":true,"href":"https:\/\/cafedafazendamg.com\/pt\/wp-json\/wp\/v2\/product_cat?post=517"},{"taxonomy":"product_tag","embeddable":true,"href":"https:\/\/cafedafazendamg.com\/pt\/wp-json\/wp\/v2\/product_tag?post=517"}],"curies":[{"name":"wp","href":"https:\/\/api.w.org\/{rel}","templated":true}]}}