{"id":519,"date":"2022-12-02T05:08:02","date_gmt":"2022-12-02T05:08:02","guid":{"rendered":"https:\/\/cafedafazendamg.com\/?post_type=product&#038;p=519"},"modified":"2025-01-28T13:24:09","modified_gmt":"2025-01-28T13:24:09","slug":"yellow-label-limited-edition-drip-coffee","status":"publish","type":"product","link":"https:\/\/cafedafazendamg.com\/pt\/produto\/yellow-label-limited-edition-drip-coffee\/","title":{"rendered":"Drip Coffee Safra Limitada - Selo Amarelo"},"content":{"rendered":"<p>O caf\u00e9 Da Fazenda Safra Limitada, \u00e9 um verdadeiro diamante negro. S\u00e3o garimpados dentre os produtores de caf\u00e9s da agricultura familiar, com o que h\u00e1 de melhor, das Matas de Minas. S\u00e3o caf\u00e9s de micro lotes, com pontua\u00e7\u00e3o acima de 84 pontos. S\u00e3o torrados em pequenos lotes, alcan\u00e7am equil\u00edbrio perfeito entre aroma e sabor. Os selos em cores diferentes oferecem rastreabilidade do produto \u00e0 x\u00edcara, informando os tipos de caf\u00e9s, seus respectivos produtores e regi\u00f5es de cultivo. Na ind\u00fastria, s\u00e3o lapidados com muito zelo e carinho, fazendo chegar at\u00e9 sua xicara, um aroma e sabor inigual\u00e1vel! \u00c8 um convite para os apaixonados por caf\u00e9 desfrutarem uma bebida de alta qualidade.<\/p>\n<p>Conhecido como \u201ccaf\u00e9 de bolso\u201d, o Drip Coffee \u00e9 um caf\u00e9 individual em sach\u00ea-filtro com hastes flex\u00edveis, que se encaixam facilmente nas bordas da x\u00edcara.<br \/>\nO caf\u00e9 sai quentinho e fresco direto para o recipiente onde ser\u00e1 consumido. Produzida com caf\u00e9s especiais, \u00e9 simplesmente a nova forma port\u00e1til de tomar um caf\u00e9 de alta qualidade com um m\u00e9todo r\u00e1pido e pr\u00e1tico.<br \/>\nVoc\u00ea pode tomar seu caf\u00e9 em qualquer lugar e a qualquer hora.<br \/>\nCada drip coffee possui sach\u00eas com 10 g de caf\u00e9, sugerimos de 100 a 120 ml de \u00e1gua, conforme o gosto do consumidor.<\/p>","protected":false},"excerpt":{"rendered":"<p>Os r\u00f3tulos amarelos do nosso caf\u00e9 Safra Especial representam um caf\u00e9 de aroma intenso, encorpado, com acidez agrad\u00e1vel, e notas sensoriais de avel\u00e3, chocolate amargo.<\/p>","protected":false},"featured_media":1085,"comment_status":"open","ping_status":"closed","template":"","meta":[],"product_cat":[38],"product_tag":[39,37],"yoast_head":"<!-- This site is optimized with the Yoast SEO plugin v21.9.1 - https:\/\/yoast.com\/wordpress\/plugins\/seo\/ -->\n<title>Yellow Seal- Limited-Edition Drip Coffee - Cafe da Fazenda<\/title>\n<meta name=\"robots\" content=\"index, follow, max-snippet:-1, max-image-preview:large, max-video-preview:-1\" \/>\n<link rel=\"canonical\" href=\"https:\/\/cafedafazendamg.com\/pt\/produto\/yellow-label-limited-edition-drip-coffee\/\" \/>\n<meta property=\"og:locale\" content=\"pt_BR\" \/>\n<meta property=\"og:type\" content=\"article\" \/>\n<meta property=\"og:title\" content=\"Yellow Seal- Limited-Edition Drip Coffee - Cafe da Fazenda\" \/>\n<meta property=\"og:description\" content=\"The yellow labels on our Limited-Edition coffee represent an intense aroma, full-bodied coffee, with pleasant acidity, and sensorial notes of hazelnut, bitter chocolate.\" \/>\n<meta property=\"og:url\" content=\"https:\/\/cafedafazendamg.com\/pt\/produto\/yellow-label-limited-edition-drip-coffee\/\" \/>\n<meta property=\"og:site_name\" content=\"Cafe da Fazenda\" \/>\n<meta property=\"article:modified_time\" content=\"2025-01-28T13:24:09+00:00\" \/>\n<meta property=\"og:image\" content=\"https:\/\/cafedafazendamg.com\/wp-content\/uploads\/2022\/12\/DRIP-AMARELO.png\" \/>\n\t<meta property=\"og:image:width\" content=\"500\" \/>\n\t<meta property=\"og:image:height\" content=\"500\" \/>\n\t<meta property=\"og:image:type\" content=\"image\/png\" \/>\n<meta name=\"twitter:card\" content=\"summary_large_image\" \/>\n<meta name=\"twitter:label1\" content=\"Est. tempo de leitura\" \/>\n\t<meta name=\"twitter:data1\" content=\"1 minuto\" \/>\n<script type=\"application\/ld+json\" class=\"yoast-schema-graph\">{\"@context\":\"https:\/\/schema.org\",\"@graph\":[{\"@type\":\"WebPage\",\"@id\":\"https:\/\/cafedafazendamg.com\/product\/yellow-label-limited-edition-drip-coffee\/\",\"url\":\"https:\/\/cafedafazendamg.com\/product\/yellow-label-limited-edition-drip-coffee\/\",\"name\":\"Yellow Seal- Limited-Edition Drip Coffee - Cafe da Fazenda\",\"isPartOf\":{\"@id\":\"https:\/\/cafedafazendamg.com\/#website\"},\"datePublished\":\"2022-12-02T05:08:02+00:00\",\"dateModified\":\"2025-01-28T13:24:09+00:00\",\"breadcrumb\":{\"@id\":\"https:\/\/cafedafazendamg.com\/product\/yellow-label-limited-edition-drip-coffee\/#breadcrumb\"},\"inLanguage\":\"pt-BR\",\"potentialAction\":[{\"@type\":\"ReadAction\",\"target\":[\"https:\/\/cafedafazendamg.com\/product\/yellow-label-limited-edition-drip-coffee\/\"]}]},{\"@type\":\"BreadcrumbList\",\"@id\":\"https:\/\/cafedafazendamg.com\/product\/yellow-label-limited-edition-drip-coffee\/#breadcrumb\",\"itemListElement\":[{\"@type\":\"ListItem\",\"position\":1,\"name\":\"Home\",\"item\":\"https:\/\/cafedafazendamg.com\/\"},{\"@type\":\"ListItem\",\"position\":2,\"name\":\"Shop\",\"item\":\"https:\/\/cafedafazendamg.com\/shop\/\"},{\"@type\":\"ListItem\",\"position\":3,\"name\":\"Yellow Seal- Limited-Edition Drip Coffee\"}]},{\"@type\":\"WebSite\",\"@id\":\"https:\/\/cafedafazendamg.com\/#website\",\"url\":\"https:\/\/cafedafazendamg.com\/\",\"name\":\"Cafe da Fazenda\",\"description\":\"O Puro Sabor do Caf\u00e9\",\"publisher\":{\"@id\":\"https:\/\/cafedafazendamg.com\/#organization\"},\"potentialAction\":[{\"@type\":\"SearchAction\",\"target\":{\"@type\":\"EntryPoint\",\"urlTemplate\":\"https:\/\/cafedafazendamg.com\/?s={search_term_string}\"},\"query-input\":\"required name=search_term_string\"}],\"inLanguage\":\"pt-BR\"},{\"@type\":\"Organization\",\"@id\":\"https:\/\/cafedafazendamg.com\/#organization\",\"name\":\"Cafe da Fazenda\",\"url\":\"https:\/\/cafedafazendamg.com\/\",\"logo\":{\"@type\":\"ImageObject\",\"inLanguage\":\"pt-BR\",\"@id\":\"https:\/\/cafedafazendamg.com\/#\/schema\/logo\/image\/\",\"url\":\"https:\/\/cafedafazendamg.com\/wp-content\/uploads\/2022\/09\/1658517167_logo_cafe_sem_fundo.webp\",\"contentUrl\":\"https:\/\/cafedafazendamg.com\/wp-content\/uploads\/2022\/09\/1658517167_logo_cafe_sem_fundo.webp\",\"width\":500,\"height\":500,\"caption\":\"Cafe da Fazenda\"},\"image\":{\"@id\":\"https:\/\/cafedafazendamg.com\/#\/schema\/logo\/image\/\"}}]}<\/script>\n<!-- \/ Yoast SEO plugin. -->","yoast_head_json":{"title":"Yellow Seal- Limited-Edition Drip Coffee - Cafe da Fazenda","robots":{"index":"index","follow":"follow","max-snippet":"max-snippet:-1","max-image-preview":"max-image-preview:large","max-video-preview":"max-video-preview:-1"},"canonical":"https:\/\/cafedafazendamg.com\/pt\/produto\/yellow-label-limited-edition-drip-coffee\/","og_locale":"pt_BR","og_type":"article","og_title":"Yellow Seal- Limited-Edition Drip Coffee - Cafe da Fazenda","og_description":"The yellow labels on our Limited-Edition coffee represent an intense aroma, full-bodied coffee, with pleasant acidity, and sensorial notes of hazelnut, bitter chocolate.","og_url":"https:\/\/cafedafazendamg.com\/pt\/produto\/yellow-label-limited-edition-drip-coffee\/","og_site_name":"Cafe da Fazenda","article_modified_time":"2025-01-28T13:24:09+00:00","og_image":[{"width":500,"height":500,"url":"https:\/\/cafedafazendamg.com\/wp-content\/uploads\/2022\/12\/DRIP-AMARELO.png","type":"image\/png"}],"twitter_card":"summary_large_image","twitter_misc":{"Est. tempo de leitura":"1 minuto"},"schema":{"@context":"https:\/\/schema.org","@graph":[{"@type":"WebPage","@id":"https:\/\/cafedafazendamg.com\/product\/yellow-label-limited-edition-drip-coffee\/","url":"https:\/\/cafedafazendamg.com\/product\/yellow-label-limited-edition-drip-coffee\/","name":"Yellow Seal- Limited-Edition Drip Coffee - Cafe da Fazenda","isPartOf":{"@id":"https:\/\/cafedafazendamg.com\/#website"},"datePublished":"2022-12-02T05:08:02+00:00","dateModified":"2025-01-28T13:24:09+00:00","breadcrumb":{"@id":"https:\/\/cafedafazendamg.com\/product\/yellow-label-limited-edition-drip-coffee\/#breadcrumb"},"inLanguage":"pt-BR","potentialAction":[{"@type":"ReadAction","target":["https:\/\/cafedafazendamg.com\/product\/yellow-label-limited-edition-drip-coffee\/"]}]},{"@type":"BreadcrumbList","@id":"https:\/\/cafedafazendamg.com\/product\/yellow-label-limited-edition-drip-coffee\/#breadcrumb","itemListElement":[{"@type":"ListItem","position":1,"name":"Home","item":"https:\/\/cafedafazendamg.com\/"},{"@type":"ListItem","position":2,"name":"Shop","item":"https:\/\/cafedafazendamg.com\/shop\/"},{"@type":"ListItem","position":3,"name":"Yellow Seal- Limited-Edition Drip Coffee"}]},{"@type":"WebSite","@id":"https:\/\/cafedafazendamg.com\/#website","url":"https:\/\/cafedafazendamg.com\/","name":"Cafe da Fazenda","description":"O Puro Sabor do Caf\u00e9","publisher":{"@id":"https:\/\/cafedafazendamg.com\/#organization"},"potentialAction":[{"@type":"SearchAction","target":{"@type":"EntryPoint","urlTemplate":"https:\/\/cafedafazendamg.com\/?s={search_term_string}"},"query-input":"required name=search_term_string"}],"inLanguage":"pt-BR"},{"@type":"Organization","@id":"https:\/\/cafedafazendamg.com\/#organization","name":"Cafe da Fazenda","url":"https:\/\/cafedafazendamg.com\/","logo":{"@type":"ImageObject","inLanguage":"pt-BR","@id":"https:\/\/cafedafazendamg.com\/#\/schema\/logo\/image\/","url":"https:\/\/cafedafazendamg.com\/wp-content\/uploads\/2022\/09\/1658517167_logo_cafe_sem_fundo.webp","contentUrl":"https:\/\/cafedafazendamg.com\/wp-content\/uploads\/2022\/09\/1658517167_logo_cafe_sem_fundo.webp","width":500,"height":500,"caption":"Cafe da Fazenda"},"image":{"@id":"https:\/\/cafedafazendamg.com\/#\/schema\/logo\/image\/"}}]}},"_links":{"self":[{"href":"https:\/\/cafedafazendamg.com\/pt\/wp-json\/wp\/v2\/product\/519"}],"collection":[{"href":"https:\/\/cafedafazendamg.com\/pt\/wp-json\/wp\/v2\/product"}],"about":[{"href":"https:\/\/cafedafazendamg.com\/pt\/wp-json\/wp\/v2\/types\/product"}],"replies":[{"embeddable":true,"href":"https:\/\/cafedafazendamg.com\/pt\/wp-json\/wp\/v2\/comments?post=519"}],"wp:featuredmedia":[{"embeddable":true,"href":"https:\/\/cafedafazendamg.com\/pt\/wp-json\/wp\/v2\/media\/1085"}],"wp:attachment":[{"href":"https:\/\/cafedafazendamg.com\/pt\/wp-json\/wp\/v2\/media?parent=519"}],"wp:term":[{"taxonomy":"product_cat","embeddable":true,"href":"https:\/\/cafedafazendamg.com\/pt\/wp-json\/wp\/v2\/product_cat?post=519"},{"taxonomy":"product_tag","embeddable":true,"href":"https:\/\/cafedafazendamg.com\/pt\/wp-json\/wp\/v2\/product_tag?post=519"}],"curies":[{"name":"wp","href":"https:\/\/api.w.org\/{rel}","templated":true}]}}