{"id":520,"date":"2022-12-02T05:09:45","date_gmt":"2022-12-02T05:09:45","guid":{"rendered":"https:\/\/cafedafazendamg.com\/?post_type=product&#038;p=520"},"modified":"2025-01-28T13:23:55","modified_gmt":"2025-01-28T13:23:55","slug":"pink-label-limited-edition-drip-coffee","status":"publish","type":"product","link":"https:\/\/cafedafazendamg.com\/pt\/produto\/pink-label-limited-edition-drip-coffee\/","title":{"rendered":"Drip Coffee Gourmet"},"content":{"rendered":"<p class=\"tw-data-text tw-text-large tw-ta\" dir=\"ltr\" data-placeholder=\"Tradu\u00e7\u00e3o\" aria-label=\"Texto traduzido\" data-ved=\"2ahUKEwiP4fuF_L-GAxWNGbkGHYhoDlkQ3ewLegQIBRAU\"><span class=\"Y2IQFc\" lang=\"en\">Conhecido como \u201ccaf\u00e9 de bolso\u201d, o Drip Coffee \u00e9 um caf\u00e9 individual em sach\u00ea filtrante com hastes flex\u00edveis, que se adaptam facilmente \u00e0s bordas da x\u00edcara. O caf\u00e9 sai quente e fresco direto para o recipiente onde ser\u00e1 consumido. Produzido com caf\u00e9s gourmet e especiais, \u00e9 simplesmente a nova forma port\u00e1til de tomar caf\u00e9 de alta qualidade com m\u00e9todo r\u00e1pido e pr\u00e1tico. Voc\u00ea pode beber seu caf\u00e9 em qualquer lugar e a qualquer hora.<\/span><span class=\"Y2IQFc\" lang=\"en\">.<\/span><\/p>\n<p class=\"tw-data-text tw-text-large tw-ta\" dir=\"ltr\" data-placeholder=\"Tradu\u00e7\u00e3o\" aria-label=\"Texto traduzido\" data-ved=\"2ahUKEwiP4fuF_L-GAxWNGbkGHYhoDlkQ3ewLegQIBRAU\"><span class=\"Y2IQFc\" lang=\"en\">Cada caixa possui sach\u00eas com 10 g de caf\u00e9, sugerimos de 100 a 120 ml de \u00e1gua, dependendo do gosto do consumidor.<\/span><\/p>","protected":false},"excerpt":{"rendered":"<p id=\"tw-target-text\" class=\"tw-data-text tw-text-large tw-ta\" dir=\"ltr\" data-placeholder=\"Tradu\u00e7\u00e3o\" aria-label=\"Texto traduzido\" data-ved=\"2ahUKEwiP4fuF_L-GAxWNGbkGHYhoDlkQ3ewLegQIBRAU\"><span class=\"Y2IQFc\" lang=\"en\">Orange Seal: Produced with Gourmet coffee with an intense and full-bodied aroma, pleasant medium acidity, notes of nuts, almonds, caramel&#8230;<\/span><\/p>\n<p dir=\"ltr\" data-placeholder=\"Tradu\u00e7\u00e3o\" aria-label=\"Texto traduzido\" data-ved=\"2ahUKEwiP4fuF_L-GAxWNGbkGHYhoDlkQ3ewLegQIBRAU\">","protected":false},"featured_media":1084,"comment_status":"open","ping_status":"closed","template":"","meta":[],"product_cat":[38],"product_tag":[39,37],"yoast_head":"<!-- This site is optimized with the Yoast SEO plugin v21.9.1 - https:\/\/yoast.com\/wordpress\/plugins\/seo\/ -->\n<title>Gourmet Drip Coffee - Cafe da Fazenda<\/title>\n<meta name=\"robots\" content=\"index, follow, max-snippet:-1, max-image-preview:large, max-video-preview:-1\" \/>\n<link rel=\"canonical\" href=\"https:\/\/cafedafazendamg.com\/pt\/produto\/pink-label-limited-edition-drip-coffee\/\" \/>\n<meta property=\"og:locale\" content=\"pt_BR\" \/>\n<meta property=\"og:type\" content=\"article\" \/>\n<meta property=\"og:title\" content=\"Gourmet Drip Coffee - Cafe da Fazenda\" \/>\n<meta property=\"og:description\" content=\"Orange Seal: Produced with Gourmet coffee with an intense and full-bodied aroma, pleasant medium acidity, notes of nuts, almonds, caramel...\" \/>\n<meta property=\"og:url\" content=\"https:\/\/cafedafazendamg.com\/pt\/produto\/pink-label-limited-edition-drip-coffee\/\" \/>\n<meta property=\"og:site_name\" content=\"Cafe da Fazenda\" \/>\n<meta property=\"article:modified_time\" content=\"2025-01-28T13:23:55+00:00\" \/>\n<meta property=\"og:image\" content=\"https:\/\/cafedafazendamg.com\/wp-content\/uploads\/2022\/12\/DRIP-GOURMET.png\" \/>\n\t<meta property=\"og:image:width\" content=\"500\" \/>\n\t<meta property=\"og:image:height\" content=\"500\" \/>\n\t<meta property=\"og:image:type\" content=\"image\/png\" \/>\n<meta name=\"twitter:card\" content=\"summary_large_image\" \/>\n<meta name=\"twitter:label1\" content=\"Est. tempo de leitura\" \/>\n\t<meta name=\"twitter:data1\" content=\"1 minuto\" \/>\n<script type=\"application\/ld+json\" class=\"yoast-schema-graph\">{\"@context\":\"https:\/\/schema.org\",\"@graph\":[{\"@type\":\"WebPage\",\"@id\":\"https:\/\/cafedafazendamg.com\/product\/pink-label-limited-edition-drip-coffee\/\",\"url\":\"https:\/\/cafedafazendamg.com\/product\/pink-label-limited-edition-drip-coffee\/\",\"name\":\"Gourmet Drip Coffee - Cafe da Fazenda\",\"isPartOf\":{\"@id\":\"https:\/\/cafedafazendamg.com\/#website\"},\"datePublished\":\"2022-12-02T05:09:45+00:00\",\"dateModified\":\"2025-01-28T13:23:55+00:00\",\"breadcrumb\":{\"@id\":\"https:\/\/cafedafazendamg.com\/product\/pink-label-limited-edition-drip-coffee\/#breadcrumb\"},\"inLanguage\":\"pt-BR\",\"potentialAction\":[{\"@type\":\"ReadAction\",\"target\":[\"https:\/\/cafedafazendamg.com\/product\/pink-label-limited-edition-drip-coffee\/\"]}]},{\"@type\":\"BreadcrumbList\",\"@id\":\"https:\/\/cafedafazendamg.com\/product\/pink-label-limited-edition-drip-coffee\/#breadcrumb\",\"itemListElement\":[{\"@type\":\"ListItem\",\"position\":1,\"name\":\"Home\",\"item\":\"https:\/\/cafedafazendamg.com\/\"},{\"@type\":\"ListItem\",\"position\":2,\"name\":\"Shop\",\"item\":\"https:\/\/cafedafazendamg.com\/shop\/\"},{\"@type\":\"ListItem\",\"position\":3,\"name\":\"Gourmet Drip Coffee\"}]},{\"@type\":\"WebSite\",\"@id\":\"https:\/\/cafedafazendamg.com\/#website\",\"url\":\"https:\/\/cafedafazendamg.com\/\",\"name\":\"Cafe da Fazenda\",\"description\":\"O Puro Sabor do Caf\u00e9\",\"publisher\":{\"@id\":\"https:\/\/cafedafazendamg.com\/#organization\"},\"potentialAction\":[{\"@type\":\"SearchAction\",\"target\":{\"@type\":\"EntryPoint\",\"urlTemplate\":\"https:\/\/cafedafazendamg.com\/?s={search_term_string}\"},\"query-input\":\"required name=search_term_string\"}],\"inLanguage\":\"pt-BR\"},{\"@type\":\"Organization\",\"@id\":\"https:\/\/cafedafazendamg.com\/#organization\",\"name\":\"Cafe da Fazenda\",\"url\":\"https:\/\/cafedafazendamg.com\/\",\"logo\":{\"@type\":\"ImageObject\",\"inLanguage\":\"pt-BR\",\"@id\":\"https:\/\/cafedafazendamg.com\/#\/schema\/logo\/image\/\",\"url\":\"https:\/\/cafedafazendamg.com\/wp-content\/uploads\/2022\/09\/1658517167_logo_cafe_sem_fundo.webp\",\"contentUrl\":\"https:\/\/cafedafazendamg.com\/wp-content\/uploads\/2022\/09\/1658517167_logo_cafe_sem_fundo.webp\",\"width\":500,\"height\":500,\"caption\":\"Cafe da Fazenda\"},\"image\":{\"@id\":\"https:\/\/cafedafazendamg.com\/#\/schema\/logo\/image\/\"}}]}<\/script>\n<!-- \/ Yoast SEO plugin. -->","yoast_head_json":{"title":"Gourmet Drip Coffee - Cafe da Fazenda","robots":{"index":"index","follow":"follow","max-snippet":"max-snippet:-1","max-image-preview":"max-image-preview:large","max-video-preview":"max-video-preview:-1"},"canonical":"https:\/\/cafedafazendamg.com\/pt\/produto\/pink-label-limited-edition-drip-coffee\/","og_locale":"pt_BR","og_type":"article","og_title":"Gourmet Drip Coffee - Cafe da Fazenda","og_description":"Orange Seal: Produced with Gourmet coffee with an intense and full-bodied aroma, pleasant medium acidity, notes of nuts, almonds, caramel...","og_url":"https:\/\/cafedafazendamg.com\/pt\/produto\/pink-label-limited-edition-drip-coffee\/","og_site_name":"Cafe da Fazenda","article_modified_time":"2025-01-28T13:23:55+00:00","og_image":[{"width":500,"height":500,"url":"https:\/\/cafedafazendamg.com\/wp-content\/uploads\/2022\/12\/DRIP-GOURMET.png","type":"image\/png"}],"twitter_card":"summary_large_image","twitter_misc":{"Est. tempo de leitura":"1 minuto"},"schema":{"@context":"https:\/\/schema.org","@graph":[{"@type":"WebPage","@id":"https:\/\/cafedafazendamg.com\/product\/pink-label-limited-edition-drip-coffee\/","url":"https:\/\/cafedafazendamg.com\/product\/pink-label-limited-edition-drip-coffee\/","name":"Gourmet Drip Coffee - Cafe da Fazenda","isPartOf":{"@id":"https:\/\/cafedafazendamg.com\/#website"},"datePublished":"2022-12-02T05:09:45+00:00","dateModified":"2025-01-28T13:23:55+00:00","breadcrumb":{"@id":"https:\/\/cafedafazendamg.com\/product\/pink-label-limited-edition-drip-coffee\/#breadcrumb"},"inLanguage":"pt-BR","potentialAction":[{"@type":"ReadAction","target":["https:\/\/cafedafazendamg.com\/product\/pink-label-limited-edition-drip-coffee\/"]}]},{"@type":"BreadcrumbList","@id":"https:\/\/cafedafazendamg.com\/product\/pink-label-limited-edition-drip-coffee\/#breadcrumb","itemListElement":[{"@type":"ListItem","position":1,"name":"Home","item":"https:\/\/cafedafazendamg.com\/"},{"@type":"ListItem","position":2,"name":"Shop","item":"https:\/\/cafedafazendamg.com\/shop\/"},{"@type":"ListItem","position":3,"name":"Gourmet Drip Coffee"}]},{"@type":"WebSite","@id":"https:\/\/cafedafazendamg.com\/#website","url":"https:\/\/cafedafazendamg.com\/","name":"Cafe da Fazenda","description":"O Puro Sabor do Caf\u00e9","publisher":{"@id":"https:\/\/cafedafazendamg.com\/#organization"},"potentialAction":[{"@type":"SearchAction","target":{"@type":"EntryPoint","urlTemplate":"https:\/\/cafedafazendamg.com\/?s={search_term_string}"},"query-input":"required name=search_term_string"}],"inLanguage":"pt-BR"},{"@type":"Organization","@id":"https:\/\/cafedafazendamg.com\/#organization","name":"Cafe da Fazenda","url":"https:\/\/cafedafazendamg.com\/","logo":{"@type":"ImageObject","inLanguage":"pt-BR","@id":"https:\/\/cafedafazendamg.com\/#\/schema\/logo\/image\/","url":"https:\/\/cafedafazendamg.com\/wp-content\/uploads\/2022\/09\/1658517167_logo_cafe_sem_fundo.webp","contentUrl":"https:\/\/cafedafazendamg.com\/wp-content\/uploads\/2022\/09\/1658517167_logo_cafe_sem_fundo.webp","width":500,"height":500,"caption":"Cafe da Fazenda"},"image":{"@id":"https:\/\/cafedafazendamg.com\/#\/schema\/logo\/image\/"}}]}},"_links":{"self":[{"href":"https:\/\/cafedafazendamg.com\/pt\/wp-json\/wp\/v2\/product\/520"}],"collection":[{"href":"https:\/\/cafedafazendamg.com\/pt\/wp-json\/wp\/v2\/product"}],"about":[{"href":"https:\/\/cafedafazendamg.com\/pt\/wp-json\/wp\/v2\/types\/product"}],"replies":[{"embeddable":true,"href":"https:\/\/cafedafazendamg.com\/pt\/wp-json\/wp\/v2\/comments?post=520"}],"wp:featuredmedia":[{"embeddable":true,"href":"https:\/\/cafedafazendamg.com\/pt\/wp-json\/wp\/v2\/media\/1084"}],"wp:attachment":[{"href":"https:\/\/cafedafazendamg.com\/pt\/wp-json\/wp\/v2\/media?parent=520"}],"wp:term":[{"taxonomy":"product_cat","embeddable":true,"href":"https:\/\/cafedafazendamg.com\/pt\/wp-json\/wp\/v2\/product_cat?post=520"},{"taxonomy":"product_tag","embeddable":true,"href":"https:\/\/cafedafazendamg.com\/pt\/wp-json\/wp\/v2\/product_tag?post=520"}],"curies":[{"name":"wp","href":"https:\/\/api.w.org\/{rel}","templated":true}]}}