{"id":521,"date":"2022-12-02T05:11:06","date_gmt":"2022-12-02T05:11:06","guid":{"rendered":"https:\/\/cafedafazendamg.com\/?post_type=product&#038;p=521"},"modified":"2025-01-28T13:03:49","modified_gmt":"2025-01-28T13:03:49","slug":"purple-label-limited-edition-drip-coffee","status":"publish","type":"product","link":"https:\/\/cafedafazendamg.com\/pt\/produto\/purple-label-limited-edition-drip-coffee\/","title":{"rendered":"Drip Coffee Safra Limitada - Selo Verde"},"content":{"rendered":"<p id=\"tw-target-text\" class=\"tw-data-text tw-text-large tw-ta\" dir=\"ltr\" data-placeholder=\"Tradu\u00e7\u00e3o\" aria-label=\"Texto traduzido\" data-ved=\"2ahUKEwjEt6WThp-GAxXHpZUCHds6AisQ3ewLegQIChAU\"><span class=\"Y2IQFc\" lang=\"en\">Nossos Caf\u00e9s Edi\u00e7\u00e3o Limitada s\u00e3o caf\u00e9s em microlotes, em sua maioria provenientes de produtores da agricultura familiar, com notas acima de 85 pontos. Caf\u00e9s de alta qualidade, torrados em pequenos lotes, alcan\u00e7am um equil\u00edbrio perfeito entre aroma e sabor. Os selos em diversas cores oferecem rastreabilidade desde o produto at\u00e9 a x\u00edcara, informando os tipos de caf\u00e9, seus respectivos produtores e regi\u00f5es de cultivo. Escolhido especialmente para quem sabe apreciar os bons prazeres da vida. <\/span><\/p>\n<p class=\"tw-data-text tw-text-large tw-ta\" dir=\"ltr\" data-placeholder=\"Tradu\u00e7\u00e3o\" aria-label=\"Texto traduzido\" data-ved=\"2ahUKEwjEt6WThp-GAxXHpZUCHds6AisQ3ewLegQIChAU\"><span class=\"Y2IQFc\" lang=\"en\">Known as \u201cpocket coffee\u201d, Drip Coffee is an individual coffee in a filter sachet with flexible stems, which easily adapt to the edges of the cup. The coffee comes out hot and fresh straight into the container where it will be consumed. Produced with gourmet and specialty coffees, it is simply the new portable way to drink high-quality coffee with a quick and practical method. You can drink your coffee anywhere and anytime. Each drip has sachets with 10 g of coffee, we suggest 100 to 120 ml of water, depending on the consumer&#8217;s taste.<\/span><\/p>","protected":false},"excerpt":{"rendered":"<p>Os r\u00f3tulos verdes do nosso caf\u00e9 de Edi\u00e7\u00e3o Limitada representam um caf\u00e9 encorpado adocicado de chocolate ao leite, am\u00eandoas torradas, rapadura, acidez m\u00e9dia, com finaliza\u00e7\u00e3o de uvas passas.<\/p>","protected":false},"featured_media":1000,"comment_status":"open","ping_status":"closed","template":"","meta":[],"product_cat":[38],"product_tag":[39,37],"yoast_head":"<!-- This site is optimized with the Yoast SEO plugin v21.9.1 - https:\/\/yoast.com\/wordpress\/plugins\/seo\/ -->\n<title>Green Seal - Limited-Edition Drip Coffee - Cafe da Fazenda<\/title>\n<meta name=\"robots\" content=\"index, follow, max-snippet:-1, max-image-preview:large, max-video-preview:-1\" \/>\n<link rel=\"canonical\" href=\"https:\/\/cafedafazendamg.com\/pt\/produto\/purple-label-limited-edition-drip-coffee\/\" \/>\n<meta property=\"og:locale\" content=\"pt_BR\" \/>\n<meta property=\"og:type\" content=\"article\" \/>\n<meta property=\"og:title\" content=\"Green Seal - Limited-Edition Drip Coffee - Cafe da Fazenda\" \/>\n<meta property=\"og:description\" content=\"The green labels of our Limited Edition coffee represent a full-bodied sweet coffee with milk chocolate, roasted almonds, rapadura, medium acidity, with a raisin finish.\" \/>\n<meta property=\"og:url\" content=\"https:\/\/cafedafazendamg.com\/pt\/produto\/purple-label-limited-edition-drip-coffee\/\" \/>\n<meta property=\"og:site_name\" content=\"Cafe da Fazenda\" \/>\n<meta property=\"article:modified_time\" content=\"2025-01-28T13:03:49+00:00\" \/>\n<meta property=\"og:image\" content=\"https:\/\/cafedafazendamg.com\/wp-content\/uploads\/2022\/12\/WhatsApp-Image-2024-02-19-at-15.02.54-e1708368386482.png\" \/>\n\t<meta property=\"og:image:width\" content=\"533\" \/>\n\t<meta property=\"og:image:height\" content=\"454\" \/>\n\t<meta property=\"og:image:type\" content=\"image\/png\" \/>\n<meta name=\"twitter:card\" content=\"summary_large_image\" \/>\n<meta name=\"twitter:label1\" content=\"Est. tempo de leitura\" \/>\n\t<meta name=\"twitter:data1\" content=\"1 minuto\" \/>\n<script type=\"application\/ld+json\" class=\"yoast-schema-graph\">{\"@context\":\"https:\/\/schema.org\",\"@graph\":[{\"@type\":\"WebPage\",\"@id\":\"https:\/\/cafedafazendamg.com\/product\/purple-label-limited-edition-drip-coffee\/\",\"url\":\"https:\/\/cafedafazendamg.com\/product\/purple-label-limited-edition-drip-coffee\/\",\"name\":\"Green Seal - Limited-Edition Drip Coffee - Cafe da Fazenda\",\"isPartOf\":{\"@id\":\"https:\/\/cafedafazendamg.com\/#website\"},\"datePublished\":\"2022-12-02T05:11:06+00:00\",\"dateModified\":\"2025-01-28T13:03:49+00:00\",\"breadcrumb\":{\"@id\":\"https:\/\/cafedafazendamg.com\/product\/purple-label-limited-edition-drip-coffee\/#breadcrumb\"},\"inLanguage\":\"pt-BR\",\"potentialAction\":[{\"@type\":\"ReadAction\",\"target\":[\"https:\/\/cafedafazendamg.com\/product\/purple-label-limited-edition-drip-coffee\/\"]}]},{\"@type\":\"BreadcrumbList\",\"@id\":\"https:\/\/cafedafazendamg.com\/product\/purple-label-limited-edition-drip-coffee\/#breadcrumb\",\"itemListElement\":[{\"@type\":\"ListItem\",\"position\":1,\"name\":\"Home\",\"item\":\"https:\/\/cafedafazendamg.com\/\"},{\"@type\":\"ListItem\",\"position\":2,\"name\":\"Shop\",\"item\":\"https:\/\/cafedafazendamg.com\/shop\/\"},{\"@type\":\"ListItem\",\"position\":3,\"name\":\"Green Seal &#8211; Limited-Edition Drip Coffee\"}]},{\"@type\":\"WebSite\",\"@id\":\"https:\/\/cafedafazendamg.com\/#website\",\"url\":\"https:\/\/cafedafazendamg.com\/\",\"name\":\"Cafe da Fazenda\",\"description\":\"O Puro Sabor do Caf\u00e9\",\"publisher\":{\"@id\":\"https:\/\/cafedafazendamg.com\/#organization\"},\"potentialAction\":[{\"@type\":\"SearchAction\",\"target\":{\"@type\":\"EntryPoint\",\"urlTemplate\":\"https:\/\/cafedafazendamg.com\/?s={search_term_string}\"},\"query-input\":\"required name=search_term_string\"}],\"inLanguage\":\"pt-BR\"},{\"@type\":\"Organization\",\"@id\":\"https:\/\/cafedafazendamg.com\/#organization\",\"name\":\"Cafe da Fazenda\",\"url\":\"https:\/\/cafedafazendamg.com\/\",\"logo\":{\"@type\":\"ImageObject\",\"inLanguage\":\"pt-BR\",\"@id\":\"https:\/\/cafedafazendamg.com\/#\/schema\/logo\/image\/\",\"url\":\"https:\/\/cafedafazendamg.com\/wp-content\/uploads\/2022\/09\/1658517167_logo_cafe_sem_fundo.webp\",\"contentUrl\":\"https:\/\/cafedafazendamg.com\/wp-content\/uploads\/2022\/09\/1658517167_logo_cafe_sem_fundo.webp\",\"width\":500,\"height\":500,\"caption\":\"Cafe da Fazenda\"},\"image\":{\"@id\":\"https:\/\/cafedafazendamg.com\/#\/schema\/logo\/image\/\"}}]}<\/script>\n<!-- \/ Yoast SEO plugin. -->","yoast_head_json":{"title":"Green Seal - Limited-Edition Drip Coffee - Cafe da Fazenda","robots":{"index":"index","follow":"follow","max-snippet":"max-snippet:-1","max-image-preview":"max-image-preview:large","max-video-preview":"max-video-preview:-1"},"canonical":"https:\/\/cafedafazendamg.com\/pt\/produto\/purple-label-limited-edition-drip-coffee\/","og_locale":"pt_BR","og_type":"article","og_title":"Green Seal - Limited-Edition Drip Coffee - Cafe da Fazenda","og_description":"The green labels of our Limited Edition coffee represent a full-bodied sweet coffee with milk chocolate, roasted almonds, rapadura, medium acidity, with a raisin finish.","og_url":"https:\/\/cafedafazendamg.com\/pt\/produto\/purple-label-limited-edition-drip-coffee\/","og_site_name":"Cafe da Fazenda","article_modified_time":"2025-01-28T13:03:49+00:00","og_image":[{"width":533,"height":454,"url":"https:\/\/cafedafazendamg.com\/wp-content\/uploads\/2022\/12\/WhatsApp-Image-2024-02-19-at-15.02.54-e1708368386482.png","type":"image\/png"}],"twitter_card":"summary_large_image","twitter_misc":{"Est. tempo de leitura":"1 minuto"},"schema":{"@context":"https:\/\/schema.org","@graph":[{"@type":"WebPage","@id":"https:\/\/cafedafazendamg.com\/product\/purple-label-limited-edition-drip-coffee\/","url":"https:\/\/cafedafazendamg.com\/product\/purple-label-limited-edition-drip-coffee\/","name":"Green Seal - Limited-Edition Drip Coffee - Cafe da Fazenda","isPartOf":{"@id":"https:\/\/cafedafazendamg.com\/#website"},"datePublished":"2022-12-02T05:11:06+00:00","dateModified":"2025-01-28T13:03:49+00:00","breadcrumb":{"@id":"https:\/\/cafedafazendamg.com\/product\/purple-label-limited-edition-drip-coffee\/#breadcrumb"},"inLanguage":"pt-BR","potentialAction":[{"@type":"ReadAction","target":["https:\/\/cafedafazendamg.com\/product\/purple-label-limited-edition-drip-coffee\/"]}]},{"@type":"BreadcrumbList","@id":"https:\/\/cafedafazendamg.com\/product\/purple-label-limited-edition-drip-coffee\/#breadcrumb","itemListElement":[{"@type":"ListItem","position":1,"name":"Home","item":"https:\/\/cafedafazendamg.com\/"},{"@type":"ListItem","position":2,"name":"Shop","item":"https:\/\/cafedafazendamg.com\/shop\/"},{"@type":"ListItem","position":3,"name":"Green Seal &#8211; Limited-Edition Drip Coffee"}]},{"@type":"WebSite","@id":"https:\/\/cafedafazendamg.com\/#website","url":"https:\/\/cafedafazendamg.com\/","name":"Cafe da Fazenda","description":"O Puro Sabor do Caf\u00e9","publisher":{"@id":"https:\/\/cafedafazendamg.com\/#organization"},"potentialAction":[{"@type":"SearchAction","target":{"@type":"EntryPoint","urlTemplate":"https:\/\/cafedafazendamg.com\/?s={search_term_string}"},"query-input":"required name=search_term_string"}],"inLanguage":"pt-BR"},{"@type":"Organization","@id":"https:\/\/cafedafazendamg.com\/#organization","name":"Cafe da Fazenda","url":"https:\/\/cafedafazendamg.com\/","logo":{"@type":"ImageObject","inLanguage":"pt-BR","@id":"https:\/\/cafedafazendamg.com\/#\/schema\/logo\/image\/","url":"https:\/\/cafedafazendamg.com\/wp-content\/uploads\/2022\/09\/1658517167_logo_cafe_sem_fundo.webp","contentUrl":"https:\/\/cafedafazendamg.com\/wp-content\/uploads\/2022\/09\/1658517167_logo_cafe_sem_fundo.webp","width":500,"height":500,"caption":"Cafe da Fazenda"},"image":{"@id":"https:\/\/cafedafazendamg.com\/#\/schema\/logo\/image\/"}}]}},"_links":{"self":[{"href":"https:\/\/cafedafazendamg.com\/pt\/wp-json\/wp\/v2\/product\/521"}],"collection":[{"href":"https:\/\/cafedafazendamg.com\/pt\/wp-json\/wp\/v2\/product"}],"about":[{"href":"https:\/\/cafedafazendamg.com\/pt\/wp-json\/wp\/v2\/types\/product"}],"replies":[{"embeddable":true,"href":"https:\/\/cafedafazendamg.com\/pt\/wp-json\/wp\/v2\/comments?post=521"}],"wp:featuredmedia":[{"embeddable":true,"href":"https:\/\/cafedafazendamg.com\/pt\/wp-json\/wp\/v2\/media\/1000"}],"wp:attachment":[{"href":"https:\/\/cafedafazendamg.com\/pt\/wp-json\/wp\/v2\/media?parent=521"}],"wp:term":[{"taxonomy":"product_cat","embeddable":true,"href":"https:\/\/cafedafazendamg.com\/pt\/wp-json\/wp\/v2\/product_cat?post=521"},{"taxonomy":"product_tag","embeddable":true,"href":"https:\/\/cafedafazendamg.com\/pt\/wp-json\/wp\/v2\/product_tag?post=521"}],"curies":[{"name":"wp","href":"https:\/\/api.w.org\/{rel}","templated":true}]}}