{"id":989,"date":"2024-02-19T13:32:36","date_gmt":"2024-02-19T13:32:36","guid":{"rendered":"https:\/\/cafedafazendamg.com\/?post_type=product&#038;p=989"},"modified":"2026-03-17T19:28:25","modified_gmt":"2026-03-17T19:28:25","slug":"green-label-limited-edition-coffee-toasted-and-ground","status":"publish","type":"product","link":"https:\/\/cafedafazendamg.com\/pt\/produto\/green-label-limited-edition-coffee-toasted-and-ground\/","title":{"rendered":"Caf\u00e9 Safra Limitada - Selo Verde - Torrado e Mo\u00eddo"},"content":{"rendered":"<p id=\"tw-target-text\" class=\"tw-data-text tw-text-large tw-ta\" dir=\"ltr\" data-placeholder=\"Tradu\u00e7\u00e3o\" aria-label=\"Texto traduzido\" data-ved=\"2ahUKEwjEt6WThp-GAxXHpZUCHds6AisQ3ewLegQIChAU\">Nossos Caf\u00e9s Edi\u00e7\u00e3o Limitada s\u00e3o caf\u00e9s de microlote, em sua maioria provenientes de produtores da agricultura familiar, com pontua\u00e7\u00f5es acima de 85 pontos. Caf\u00e9s de alta qualidade, torrados em pequenos lotes, alcan\u00e7am um equil\u00edbrio perfeito entre aroma e sabor. Os selos em diferentes cores oferecem rastreabilidade do produto at\u00e9 a x\u00edcara, informando os tipos de caf\u00e9, seus respectivos produtores e regi\u00f5es de cultivo. Escolhidos especialmente para aqueles que sabem apreciar os bons prazeres da vida.<\/p>","protected":false},"excerpt":{"rendered":"<p id=\"descricao-cafe\">Os r\u00f3tulos verdes do nosso caf\u00e9 Edi\u00e7\u00e3o Limitada representam um caf\u00e9 encorpado e doce, com notas de chocolate, caramelo, mel, acidez leve c\u00edtrica.<\/p>","protected":false},"featured_media":1019,"comment_status":"open","ping_status":"closed","template":"","meta":[],"product_cat":[28],"product_tag":[37,36],"yoast_head":"<!-- This site is optimized with the Yoast SEO plugin v21.9.1 - https:\/\/yoast.com\/wordpress\/plugins\/seo\/ -->\n<title>Limited Crop Coffee - Green Seal - Toasted and Ground - Cafe da Fazenda<\/title>\n<meta name=\"robots\" content=\"index, follow, max-snippet:-1, max-image-preview:large, max-video-preview:-1\" \/>\n<link rel=\"canonical\" href=\"https:\/\/cafedafazendamg.com\/pt\/produto\/green-label-limited-edition-coffee-toasted-and-ground\/\" \/>\n<meta property=\"og:locale\" content=\"pt_BR\" \/>\n<meta property=\"og:type\" content=\"article\" \/>\n<meta property=\"og:title\" content=\"Limited Crop Coffee - Green Seal - Toasted and Ground - Cafe da Fazenda\" \/>\n<meta property=\"og:description\" content=\"Os r\u00f3tulos verdes do nosso caf\u00e9 Edi\u00e7\u00e3o Limitada representam um caf\u00e9 encorpado e doce, com notas de chocolate, caramelo, mel, acidez leve c\u00edtrica.\" \/>\n<meta property=\"og:url\" content=\"https:\/\/cafedafazendamg.com\/pt\/produto\/green-label-limited-edition-coffee-toasted-and-ground\/\" \/>\n<meta property=\"og:site_name\" content=\"Cafe da Fazenda\" \/>\n<meta property=\"article:modified_time\" content=\"2026-03-17T19:28:25+00:00\" \/>\n<meta property=\"og:image\" content=\"https:\/\/cafedafazendamg.com\/wp-content\/uploads\/2024\/02\/WhatsApp_Image_2024-04-03_at_11.45.35_AM-removebg-preview-1.png\" \/>\n\t<meta property=\"og:image:width\" content=\"644\" \/>\n\t<meta property=\"og:image:height\" content=\"388\" \/>\n\t<meta property=\"og:image:type\" content=\"image\/png\" \/>\n<meta name=\"twitter:card\" content=\"summary_large_image\" \/>\n<meta name=\"twitter:label1\" content=\"Est. tempo de leitura\" \/>\n\t<meta name=\"twitter:data1\" content=\"1 minuto\" \/>\n<script type=\"application\/ld+json\" class=\"yoast-schema-graph\">{\"@context\":\"https:\/\/schema.org\",\"@graph\":[{\"@type\":\"WebPage\",\"@id\":\"https:\/\/cafedafazendamg.com\/product\/green-label-limited-edition-coffee-toasted-and-ground\/\",\"url\":\"https:\/\/cafedafazendamg.com\/product\/green-label-limited-edition-coffee-toasted-and-ground\/\",\"name\":\"Limited Crop Coffee - Green Seal - Toasted and Ground - Cafe da Fazenda\",\"isPartOf\":{\"@id\":\"https:\/\/cafedafazendamg.com\/#website\"},\"datePublished\":\"2024-02-19T13:32:36+00:00\",\"dateModified\":\"2026-03-17T19:28:25+00:00\",\"breadcrumb\":{\"@id\":\"https:\/\/cafedafazendamg.com\/product\/green-label-limited-edition-coffee-toasted-and-ground\/#breadcrumb\"},\"inLanguage\":\"pt-BR\",\"potentialAction\":[{\"@type\":\"ReadAction\",\"target\":[\"https:\/\/cafedafazendamg.com\/product\/green-label-limited-edition-coffee-toasted-and-ground\/\"]}]},{\"@type\":\"BreadcrumbList\",\"@id\":\"https:\/\/cafedafazendamg.com\/product\/green-label-limited-edition-coffee-toasted-and-ground\/#breadcrumb\",\"itemListElement\":[{\"@type\":\"ListItem\",\"position\":1,\"name\":\"Home\",\"item\":\"https:\/\/cafedafazendamg.com\/\"},{\"@type\":\"ListItem\",\"position\":2,\"name\":\"Shop\",\"item\":\"https:\/\/cafedafazendamg.com\/shop\/\"},{\"@type\":\"ListItem\",\"position\":3,\"name\":\"Limited Crop Coffee &#8211; Green Seal &#8211; Toasted and Ground\"}]},{\"@type\":\"WebSite\",\"@id\":\"https:\/\/cafedafazendamg.com\/#website\",\"url\":\"https:\/\/cafedafazendamg.com\/\",\"name\":\"Cafe da Fazenda\",\"description\":\"O Puro Sabor do Caf\u00e9\",\"publisher\":{\"@id\":\"https:\/\/cafedafazendamg.com\/#organization\"},\"potentialAction\":[{\"@type\":\"SearchAction\",\"target\":{\"@type\":\"EntryPoint\",\"urlTemplate\":\"https:\/\/cafedafazendamg.com\/?s={search_term_string}\"},\"query-input\":\"required name=search_term_string\"}],\"inLanguage\":\"pt-BR\"},{\"@type\":\"Organization\",\"@id\":\"https:\/\/cafedafazendamg.com\/#organization\",\"name\":\"Cafe da Fazenda\",\"url\":\"https:\/\/cafedafazendamg.com\/\",\"logo\":{\"@type\":\"ImageObject\",\"inLanguage\":\"pt-BR\",\"@id\":\"https:\/\/cafedafazendamg.com\/#\/schema\/logo\/image\/\",\"url\":\"https:\/\/cafedafazendamg.com\/wp-content\/uploads\/2022\/09\/1658517167_logo_cafe_sem_fundo.webp\",\"contentUrl\":\"https:\/\/cafedafazendamg.com\/wp-content\/uploads\/2022\/09\/1658517167_logo_cafe_sem_fundo.webp\",\"width\":500,\"height\":500,\"caption\":\"Cafe da Fazenda\"},\"image\":{\"@id\":\"https:\/\/cafedafazendamg.com\/#\/schema\/logo\/image\/\"}}]}<\/script>\n<!-- \/ Yoast SEO plugin. -->","yoast_head_json":{"title":"Limited Crop Coffee - Green Seal - Toasted and Ground - Cafe da Fazenda","robots":{"index":"index","follow":"follow","max-snippet":"max-snippet:-1","max-image-preview":"max-image-preview:large","max-video-preview":"max-video-preview:-1"},"canonical":"https:\/\/cafedafazendamg.com\/pt\/produto\/green-label-limited-edition-coffee-toasted-and-ground\/","og_locale":"pt_BR","og_type":"article","og_title":"Limited Crop Coffee - Green Seal - Toasted and Ground - Cafe da Fazenda","og_description":"Os r\u00f3tulos verdes do nosso caf\u00e9 Edi\u00e7\u00e3o Limitada representam um caf\u00e9 encorpado e doce, com notas de chocolate, caramelo, mel, acidez leve c\u00edtrica.","og_url":"https:\/\/cafedafazendamg.com\/pt\/produto\/green-label-limited-edition-coffee-toasted-and-ground\/","og_site_name":"Cafe da Fazenda","article_modified_time":"2026-03-17T19:28:25+00:00","og_image":[{"width":644,"height":388,"url":"https:\/\/cafedafazendamg.com\/wp-content\/uploads\/2024\/02\/WhatsApp_Image_2024-04-03_at_11.45.35_AM-removebg-preview-1.png","type":"image\/png"}],"twitter_card":"summary_large_image","twitter_misc":{"Est. tempo de leitura":"1 minuto"},"schema":{"@context":"https:\/\/schema.org","@graph":[{"@type":"WebPage","@id":"https:\/\/cafedafazendamg.com\/product\/green-label-limited-edition-coffee-toasted-and-ground\/","url":"https:\/\/cafedafazendamg.com\/product\/green-label-limited-edition-coffee-toasted-and-ground\/","name":"Limited Crop Coffee - Green Seal - Toasted and Ground - Cafe da Fazenda","isPartOf":{"@id":"https:\/\/cafedafazendamg.com\/#website"},"datePublished":"2024-02-19T13:32:36+00:00","dateModified":"2026-03-17T19:28:25+00:00","breadcrumb":{"@id":"https:\/\/cafedafazendamg.com\/product\/green-label-limited-edition-coffee-toasted-and-ground\/#breadcrumb"},"inLanguage":"pt-BR","potentialAction":[{"@type":"ReadAction","target":["https:\/\/cafedafazendamg.com\/product\/green-label-limited-edition-coffee-toasted-and-ground\/"]}]},{"@type":"BreadcrumbList","@id":"https:\/\/cafedafazendamg.com\/product\/green-label-limited-edition-coffee-toasted-and-ground\/#breadcrumb","itemListElement":[{"@type":"ListItem","position":1,"name":"Home","item":"https:\/\/cafedafazendamg.com\/"},{"@type":"ListItem","position":2,"name":"Shop","item":"https:\/\/cafedafazendamg.com\/shop\/"},{"@type":"ListItem","position":3,"name":"Limited Crop Coffee &#8211; Green Seal &#8211; Toasted and Ground"}]},{"@type":"WebSite","@id":"https:\/\/cafedafazendamg.com\/#website","url":"https:\/\/cafedafazendamg.com\/","name":"Cafe da Fazenda","description":"O Puro Sabor do Caf\u00e9","publisher":{"@id":"https:\/\/cafedafazendamg.com\/#organization"},"potentialAction":[{"@type":"SearchAction","target":{"@type":"EntryPoint","urlTemplate":"https:\/\/cafedafazendamg.com\/?s={search_term_string}"},"query-input":"required name=search_term_string"}],"inLanguage":"pt-BR"},{"@type":"Organization","@id":"https:\/\/cafedafazendamg.com\/#organization","name":"Cafe da Fazenda","url":"https:\/\/cafedafazendamg.com\/","logo":{"@type":"ImageObject","inLanguage":"pt-BR","@id":"https:\/\/cafedafazendamg.com\/#\/schema\/logo\/image\/","url":"https:\/\/cafedafazendamg.com\/wp-content\/uploads\/2022\/09\/1658517167_logo_cafe_sem_fundo.webp","contentUrl":"https:\/\/cafedafazendamg.com\/wp-content\/uploads\/2022\/09\/1658517167_logo_cafe_sem_fundo.webp","width":500,"height":500,"caption":"Cafe da Fazenda"},"image":{"@id":"https:\/\/cafedafazendamg.com\/#\/schema\/logo\/image\/"}}]}},"_links":{"self":[{"href":"https:\/\/cafedafazendamg.com\/pt\/wp-json\/wp\/v2\/product\/989"}],"collection":[{"href":"https:\/\/cafedafazendamg.com\/pt\/wp-json\/wp\/v2\/product"}],"about":[{"href":"https:\/\/cafedafazendamg.com\/pt\/wp-json\/wp\/v2\/types\/product"}],"replies":[{"embeddable":true,"href":"https:\/\/cafedafazendamg.com\/pt\/wp-json\/wp\/v2\/comments?post=989"}],"wp:featuredmedia":[{"embeddable":true,"href":"https:\/\/cafedafazendamg.com\/pt\/wp-json\/wp\/v2\/media\/1019"}],"wp:attachment":[{"href":"https:\/\/cafedafazendamg.com\/pt\/wp-json\/wp\/v2\/media?parent=989"}],"wp:term":[{"taxonomy":"product_cat","embeddable":true,"href":"https:\/\/cafedafazendamg.com\/pt\/wp-json\/wp\/v2\/product_cat?post=989"},{"taxonomy":"product_tag","embeddable":true,"href":"https:\/\/cafedafazendamg.com\/pt\/wp-json\/wp\/v2\/product_tag?post=989"}],"curies":[{"name":"wp","href":"https:\/\/api.w.org\/{rel}","templated":true}]}}